{"id":1724,"date":"2026-01-15T08:16:13","date_gmt":"2026-01-15T07:16:13","guid":{"rendered":"https:\/\/www.lesuniversdarmonia.fr\/WP\/?post_type=product&#038;p=1724"},"modified":"2026-02-28T09:21:13","modified_gmt":"2026-02-28T08:21:13","slug":"les-racines-chretiennes-de-100-expressions-francaises","status":"publish","type":"product","link":"https:\/\/www.lesuniversdarmonia.fr\/WP\/produit\/les-racines-chretiennes-de-100-expressions-francaises\/","title":{"rendered":"Les racines chr\u00e9tiennes de 100 expressions fran\u00e7aises"},"content":{"rendered":"<p>Nous retrouvons, avec grand plaisir, ce nouvel opus d\u2019Armonia Lema\u00eetre, cette fois-ci consacr\u00e9 aux racines chr\u00e9tiennes de 100 expressions fran\u00e7aises. Elle en a, comme \u00e0 son habitude, explor\u00e9 les significations et les origines. Chacune d\u2019elles est lotie d\u2019une citation et de deux traductions. Elle accompagne ces portraits passionnants d\u2019\u00e9ditoriaux dans lesquels Armonia Lema\u00eetre nous r\u00e9v\u00e8le sa foi profonde. Mais il ne s\u2019agit pas ici d\u2019une croyance aveugle et \u00e9triqu\u00e9e, bien au contraire. En effet, comme elle l\u2019affirme dans son avant-propos\u00a0: \u00ab\u2009Je n\u2019ai pas renonc\u00e9 aux combats qui ont \u00e9maill\u00e9 toute mon existence\u2009\u00bb. Nous vous invitons \u00e0 d\u00e9couvrir ce recueil captivant et plein de surprises.<\/p>\n","protected":false},"excerpt":{"rendered":"<p>Un troisi\u00e8me K\u00e9sako consacr\u00e9 aux racines chr\u00e9tiennes de 100 expressions fran\u00e7aises<\/p>\n","protected":false},"featured_media":1751,"comment_status":"open","ping_status":"closed","template":"","meta":[],"product_brand":[],"product_cat":[40],"product_tag":[88,90,89,39],"class_list":{"0":"post-1724","1":"product","2":"type-product","3":"status-publish","4":"has-post-thumbnail","6":"product_cat-livre-broche","7":"product_tag-expressions-francaises","8":"product_tag-livre-didactique","9":"product_tag-racines-chretiennes","10":"product_tag-recueil","11":"product_shipping_class-livre-250g","13":"first","14":"instock","15":"sold-individually","16":"shipping-taxable","17":"purchasable","18":"product-type-simple"},"_links":{"self":[{"href":"https:\/\/www.lesuniversdarmonia.fr\/WP\/wp-json\/wp\/v2\/product\/1724","targetHints":{"allow":["GET"]}}],"collection":[{"href":"https:\/\/www.lesuniversdarmonia.fr\/WP\/wp-json\/wp\/v2\/product"}],"about":[{"href":"https:\/\/www.lesuniversdarmonia.fr\/WP\/wp-json\/wp\/v2\/types\/product"}],"replies":[{"embeddable":true,"href":"https:\/\/www.lesuniversdarmonia.fr\/WP\/wp-json\/wp\/v2\/comments?post=1724"}],"wp:featuredmedia":[{"embeddable":true,"href":"https:\/\/www.lesuniversdarmonia.fr\/WP\/wp-json\/wp\/v2\/media\/1751"}],"wp:attachment":[{"href":"https:\/\/www.lesuniversdarmonia.fr\/WP\/wp-json\/wp\/v2\/media?parent=1724"}],"wp:term":[{"taxonomy":"product_brand","embeddable":true,"href":"https:\/\/www.lesuniversdarmonia.fr\/WP\/wp-json\/wp\/v2\/product_brand?post=1724"},{"taxonomy":"product_cat","embeddable":true,"href":"https:\/\/www.lesuniversdarmonia.fr\/WP\/wp-json\/wp\/v2\/product_cat?post=1724"},{"taxonomy":"product_tag","embeddable":true,"href":"https:\/\/www.lesuniversdarmonia.fr\/WP\/wp-json\/wp\/v2\/product_tag?post=1724"}],"curies":[{"name":"wp","href":"https:\/\/api.w.org\/{rel}","templated":true}]}}