{"id":1568,"date":"2025-12-03T15:57:15","date_gmt":"2025-12-03T14:57:15","guid":{"rendered":"https:\/\/www.lesuniversdarmonia.fr\/WP\/?post_type=product&#038;p=1568"},"modified":"2025-12-20T07:12:35","modified_gmt":"2025-12-20T06:12:35","slug":"box-de-noel","status":"publish","type":"product","link":"https:\/\/www.lesuniversdarmonia.fr\/WP\/produit\/box-de-noel\/","title":{"rendered":"Box de No\u00ebl &#8211; Je suis une poup\u00e9e gigogne"},"content":{"rendered":"<p>Dans cette box de No\u00ebl \u00e0 mettre sous le sapin, vous trouverez<\/p>\n<p>Un t\u00e9moignage d\u00e9crivant mon parcours d&rsquo;accomplissement<\/p>\n<p>Un mug \u00e0 l&rsquo;effigie du livre, id\u00e9al pour d\u00e9guster une boisson r\u00e9confortante<\/p>\n<p>Une bougie parfum\u00e9e qui accompagnera pri\u00e8re ou m\u00e9ditation<\/p>\n<p>Un stylo \u00ab\u00a0Les univers d&rsquo;Armonia\u00a0\u00bb<\/p>\n<p>Un stylo papillon, embl\u00e8me de mon univers litt\u00e9raire hors du commun<\/p>\n<p>Un\u00a0 cadeau parfait pour faire plaisir \u00e0 l&rsquo;un de vos proches<\/p>\n","protected":false},"excerpt":{"rendered":"<p>Dans cette box de No\u00ebl, vous trouverez<\/p>\n<ul>\n<li>Un t\u00e9moignage d\u00e9crivant mon parcours d&rsquo;accomplissement<\/li>\n<li>Un mug \u00e0 l&rsquo;effigie du livre, id\u00e9al pour d\u00e9guster une boisson r\u00e9confortante<\/li>\n<li>Une bougie parfum\u00e9e qui accompagnera pri\u00e8re ou m\u00e9ditation<\/li>\n<li>Un stylo \u00ab\u00a0Les univers d&rsquo;Armonia\u00a0\u00bb<\/li>\n<li>Un stylo papillon, embl\u00e8me de mon univers litt\u00e9raire hors du commun<\/li>\n<\/ul>\n","protected":false},"featured_media":1594,"comment_status":"open","ping_status":"closed","template":"","meta":[],"product_brand":[],"product_cat":[35],"product_tag":[55],"class_list":{"0":"post-1568","1":"product","2":"type-product","3":"status-publish","4":"has-post-thumbnail","6":"product_cat-non-classe","7":"product_tag-cadeau","8":"product_shipping_class-ex-box-de-noel","10":"first","11":"outofstock","12":"sold-individually","13":"shipping-taxable","14":"purchasable","15":"product-type-simple"},"_links":{"self":[{"href":"https:\/\/www.lesuniversdarmonia.fr\/WP\/wp-json\/wp\/v2\/product\/1568","targetHints":{"allow":["GET"]}}],"collection":[{"href":"https:\/\/www.lesuniversdarmonia.fr\/WP\/wp-json\/wp\/v2\/product"}],"about":[{"href":"https:\/\/www.lesuniversdarmonia.fr\/WP\/wp-json\/wp\/v2\/types\/product"}],"replies":[{"embeddable":true,"href":"https:\/\/www.lesuniversdarmonia.fr\/WP\/wp-json\/wp\/v2\/comments?post=1568"}],"wp:featuredmedia":[{"embeddable":true,"href":"https:\/\/www.lesuniversdarmonia.fr\/WP\/wp-json\/wp\/v2\/media\/1594"}],"wp:attachment":[{"href":"https:\/\/www.lesuniversdarmonia.fr\/WP\/wp-json\/wp\/v2\/media?parent=1568"}],"wp:term":[{"taxonomy":"product_brand","embeddable":true,"href":"https:\/\/www.lesuniversdarmonia.fr\/WP\/wp-json\/wp\/v2\/product_brand?post=1568"},{"taxonomy":"product_cat","embeddable":true,"href":"https:\/\/www.lesuniversdarmonia.fr\/WP\/wp-json\/wp\/v2\/product_cat?post=1568"},{"taxonomy":"product_tag","embeddable":true,"href":"https:\/\/www.lesuniversdarmonia.fr\/WP\/wp-json\/wp\/v2\/product_tag?post=1568"}],"curies":[{"name":"wp","href":"https:\/\/api.w.org\/{rel}","templated":true}]}}