{"id":1409,"date":"2025-03-13T07:20:24","date_gmt":"2025-03-13T06:20:24","guid":{"rendered":"https:\/\/www.lesuniversdarmonia.fr\/WP\/?post_type=product&#038;p=1409"},"modified":"2025-12-18T10:52:37","modified_gmt":"2025-12-18T09:52:37","slug":"les-kesakos-darmonia-100-expressions-francaises-les-animaux","status":"publish","type":"product","link":"https:\/\/www.lesuniversdarmonia.fr\/WP\/produit\/les-kesakos-darmonia-100-expressions-francaises-les-animaux\/","title":{"rendered":"Les k\u00e9sakos d&rsquo;Armonia &#8211; 100 expressions fran\u00e7aises &#8211; Les animaux"},"content":{"rendered":"<p>Armonia Lemaitre revient, avec ce nouveau recueil sur les expressions fran\u00e7aises, consacr\u00e9 aux animaux. Elle nous offre, encore une fois, 100 locutions dont elle a soigneusement d\u00e9crypt\u00e9, pour chacune d\u2019elles, leur signification et leur origine. Toutes sont suivies d\u2019une citation et de deux traductions.<\/p>\n<p>Dans cet opuscule, elle nous gratifie de textes introduisant chaque classe d\u2019animal. Elle y \u00e9voque, pour notre plus grand plaisir, des souvenirs d\u2019enfance, des anecdotes ou d\u00e9veloppe des id\u00e9es qui lui tiennent \u00e0 c\u0153ur et qui s\u2019av\u00e8rent toujours int\u00e9ressantes, parfois impertinentes.<\/p>\n<p>Avec ce petit livre r\u00e9jouissant, Armonia Lema\u00eetre partage avec bonheur sa passion pour la langue fran\u00e7aise et sa riche histoire.<\/p>\n","protected":false},"excerpt":{"rendered":"<p>Un recueil r\u00e9jouissant et ludique sur les animaux dans les expressions fran\u00e7aises<\/p>\n","protected":false},"featured_media":1298,"comment_status":"open","ping_status":"closed","template":"","meta":[],"product_brand":[],"product_cat":[40],"product_tag":[57,55,58,61,60,59,39],"class_list":{"0":"post-1409","1":"product","2":"type-product","3":"status-publish","4":"has-post-thumbnail","6":"product_cat-livre-broche","7":"product_tag-animaux","8":"product_tag-cadeau","9":"product_tag-expression","10":"product_tag-expressions-francaises-avec-des-animaux","11":"product_tag-instructif","12":"product_tag-ludique","13":"product_tag-recueil","14":"product_shipping_class-livre-250g","16":"first","17":"instock","18":"sold-individually","19":"shipping-taxable","20":"purchasable","21":"product-type-simple"},"_links":{"self":[{"href":"https:\/\/www.lesuniversdarmonia.fr\/WP\/wp-json\/wp\/v2\/product\/1409","targetHints":{"allow":["GET"]}}],"collection":[{"href":"https:\/\/www.lesuniversdarmonia.fr\/WP\/wp-json\/wp\/v2\/product"}],"about":[{"href":"https:\/\/www.lesuniversdarmonia.fr\/WP\/wp-json\/wp\/v2\/types\/product"}],"replies":[{"embeddable":true,"href":"https:\/\/www.lesuniversdarmonia.fr\/WP\/wp-json\/wp\/v2\/comments?post=1409"}],"wp:featuredmedia":[{"embeddable":true,"href":"https:\/\/www.lesuniversdarmonia.fr\/WP\/wp-json\/wp\/v2\/media\/1298"}],"wp:attachment":[{"href":"https:\/\/www.lesuniversdarmonia.fr\/WP\/wp-json\/wp\/v2\/media?parent=1409"}],"wp:term":[{"taxonomy":"product_brand","embeddable":true,"href":"https:\/\/www.lesuniversdarmonia.fr\/WP\/wp-json\/wp\/v2\/product_brand?post=1409"},{"taxonomy":"product_cat","embeddable":true,"href":"https:\/\/www.lesuniversdarmonia.fr\/WP\/wp-json\/wp\/v2\/product_cat?post=1409"},{"taxonomy":"product_tag","embeddable":true,"href":"https:\/\/www.lesuniversdarmonia.fr\/WP\/wp-json\/wp\/v2\/product_tag?post=1409"}],"curies":[{"name":"wp","href":"https:\/\/api.w.org\/{rel}","templated":true}]}}