{"id":1401,"date":"2025-03-13T06:57:22","date_gmt":"2025-03-13T05:57:22","guid":{"rendered":"https:\/\/www.lesuniversdarmonia.fr\/WP\/?post_type=product&#038;p=1401"},"modified":"2025-12-05T06:41:29","modified_gmt":"2025-12-05T05:41:29","slug":"emprises","status":"publish","type":"product","link":"https:\/\/www.lesuniversdarmonia.fr\/WP\/produit\/emprises\/","title":{"rendered":"Emprises"},"content":{"rendered":"<p>Aristide Darmanville est un industriel qui a remis \u00e0 flot l\u2019entreprise familiale. Il r\u00e8gne en ma\u00eetre absolu sur son entourage, sa femme et ses deux enfants. Pour Aristide, un homme doit \u00eatre un dur, un battant et affronter les \u00e9preuves de la vie sans faiblesse. Simon Darmanville, dont la sensibilit\u00e9 s\u2019accorde mal avec les exigences d\u00e9mesur\u00e9es de son p\u00e8re, grandit au fil des pages tandis que la soci\u00e9t\u00e9, au sein de laquelle il \u00e9volue, conna\u00eet de grands bouleversements.<\/p>\n<p>Soif de pouvoir, d\u00e9sir de vengeance et besoin d\u2019\u00eatre soi animent les personnages de cette saga familiale qui s\u2019inscrit dans l\u2019histoire contemporaine de la France.<\/p>\n","protected":false},"excerpt":{"rendered":"<p>Le destin d&rsquo;un homme pris dans l&rsquo;engrenage de l&#8217;emprise psychologique !<\/p>\n","protected":false},"featured_media":824,"comment_status":"open","ping_status":"closed","template":"","meta":[],"product_brand":[],"product_cat":[40],"product_tag":[37],"class_list":{"0":"post-1401","1":"product","2":"type-product","3":"status-publish","4":"has-post-thumbnail","6":"product_cat-livre-broche","7":"product_tag-roman","8":"product_shipping_class-livre-500-g","10":"first","11":"instock","12":"shipping-taxable","13":"purchasable","14":"product-type-simple"},"_links":{"self":[{"href":"https:\/\/www.lesuniversdarmonia.fr\/WP\/wp-json\/wp\/v2\/product\/1401","targetHints":{"allow":["GET"]}}],"collection":[{"href":"https:\/\/www.lesuniversdarmonia.fr\/WP\/wp-json\/wp\/v2\/product"}],"about":[{"href":"https:\/\/www.lesuniversdarmonia.fr\/WP\/wp-json\/wp\/v2\/types\/product"}],"replies":[{"embeddable":true,"href":"https:\/\/www.lesuniversdarmonia.fr\/WP\/wp-json\/wp\/v2\/comments?post=1401"}],"wp:featuredmedia":[{"embeddable":true,"href":"https:\/\/www.lesuniversdarmonia.fr\/WP\/wp-json\/wp\/v2\/media\/824"}],"wp:attachment":[{"href":"https:\/\/www.lesuniversdarmonia.fr\/WP\/wp-json\/wp\/v2\/media?parent=1401"}],"wp:term":[{"taxonomy":"product_brand","embeddable":true,"href":"https:\/\/www.lesuniversdarmonia.fr\/WP\/wp-json\/wp\/v2\/product_brand?post=1401"},{"taxonomy":"product_cat","embeddable":true,"href":"https:\/\/www.lesuniversdarmonia.fr\/WP\/wp-json\/wp\/v2\/product_cat?post=1401"},{"taxonomy":"product_tag","embeddable":true,"href":"https:\/\/www.lesuniversdarmonia.fr\/WP\/wp-json\/wp\/v2\/product_tag?post=1401"}],"curies":[{"name":"wp","href":"https:\/\/api.w.org\/{rel}","templated":true}]}}