{"id":731,"date":"2022-03-16T07:58:44","date_gmt":"2022-03-16T06:58:44","guid":{"rendered":"https:\/\/www.lesuniversdarmonia.fr\/WP\/?page_id=731"},"modified":"2022-03-18T06:45:56","modified_gmt":"2022-03-18T05:45:56","slug":"le-nettoyeur","status":"publish","type":"page","link":"https:\/\/www.lesuniversdarmonia.fr\/WP\/le-nettoyeur\/","title":{"rendered":"Le nettoyeur"},"content":{"rendered":"\n<p>Dans ce texte Armonia Lema\u00eetre, nous d\u00e9voile une corde inattendue \u00e0 son arc cr\u00e9atif : la nouvelle. Elle puise son inspiration dans l\u2019actualit\u00e9 mais pas seulement. Elle imagine une soci\u00e9t\u00e9 fran\u00e7aise qui, si nous n\u2019y prenons pas garde, pourrait bien devenir r\u00e9alit\u00e9. L\u2019auteure pousse \u00e0 l\u2019extr\u00eame des logiques sociales et civilisationnelles d\u00e9j\u00e0 \u00e0 l\u2019\u0153uvre. Le futur qu\u2019elle d\u00e9crit pourrait tr\u00e8s bien d\u00e9couler de notre pr\u00e9sent qui porte en germe les d\u00e9rives les plus noires. <\/p>\n\n\n\n<figure class=\"wp-block-image size-large\"><img width=\"642\" height=\"1024\"  alt=\"\" class=\"wp-image-142 lws-optimize-lazyload\"\/ data-src=\"https:\/\/www.lesuniversdarmonia.fr\/WP\/wp-content\/uploads\/2021\/02\/LE-NETTOYEUR-642x1024.png\" srcset=\"https:\/\/www.lesuniversdarmonia.fr\/WP\/wp-content\/uploads\/2021\/02\/LE-NETTOYEUR-642x1024.png 642w, https:\/\/www.lesuniversdarmonia.fr\/WP\/wp-content\/uploads\/2021\/02\/LE-NETTOYEUR-300x479.png 300w, https:\/\/www.lesuniversdarmonia.fr\/WP\/wp-content\/uploads\/2021\/02\/LE-NETTOYEUR-600x957.png 600w, https:\/\/www.lesuniversdarmonia.fr\/WP\/wp-content\/uploads\/2021\/02\/LE-NETTOYEUR-188x300.png 188w, https:\/\/www.lesuniversdarmonia.fr\/WP\/wp-content\/uploads\/2021\/02\/LE-NETTOYEUR-768x1226.png 768w, https:\/\/www.lesuniversdarmonia.fr\/WP\/wp-content\/uploads\/2021\/02\/LE-NETTOYEUR-963x1536.png 963w, https:\/\/www.lesuniversdarmonia.fr\/WP\/wp-content\/uploads\/2021\/02\/LE-NETTOYEUR-1283x2048.png 1283w, https:\/\/www.lesuniversdarmonia.fr\/WP\/wp-content\/uploads\/2021\/02\/LE-NETTOYEUR-1200x1915.png 1200w, https:\/\/www.lesuniversdarmonia.fr\/WP\/wp-content\/uploads\/2021\/02\/LE-NETTOYEUR.png 1410w\" sizes=\"(max-width: 642px) 100vw, 642px\" \/><\/figure>\n\n\n\n<div class=\"wp-block-buttons is-layout-flex wp-block-buttons-is-layout-flex\">\n<div class=\"wp-block-button\"><a class=\"wp-block-button__link\" href=\"https:\/\/lesuniversdarmonia.eproshopping.fr\/1328902-le-nettoyeur-e-book.html\" target=\"_blank\" rel=\"noreferrer noopener\">O\u00f9 trouver cette nouvelle ?<\/a><\/div>\n<\/div>\n","protected":false},"excerpt":{"rendered":"<p>Dans ce texte Armonia Lema\u00eetre, nous d\u00e9voile une corde inattendue \u00e0 son arc cr\u00e9atif : la nouvelle. Elle puise son inspiration dans l\u2019actualit\u00e9 mais pas seulement. Elle imagine une soci\u00e9t\u00e9 fran\u00e7aise qui, si nous n\u2019y prenons pas garde, pourrait bien devenir r\u00e9alit\u00e9. L\u2019auteure pousse \u00e0 l\u2019extr\u00eame des logiques sociales et civilisationnelles d\u00e9j\u00e0 \u00e0 l\u2019\u0153uvre. Le futur qu\u2019elle d\u00e9crit pourrait tr\u00e8s bien d\u00e9couler de notre pr\u00e9sent qui porte en germe les d\u00e9rives les plus noires.<\/p>\n","protected":false},"author":1,"featured_media":0,"parent":0,"menu_order":0,"comment_status":"closed","ping_status":"closed","template":"","meta":{"footnotes":""},"class_list":["post-731","page","type-page","status-publish","hentry"],"_links":{"self":[{"href":"https:\/\/www.lesuniversdarmonia.fr\/WP\/wp-json\/wp\/v2\/pages\/731","targetHints":{"allow":["GET"]}}],"collection":[{"href":"https:\/\/www.lesuniversdarmonia.fr\/WP\/wp-json\/wp\/v2\/pages"}],"about":[{"href":"https:\/\/www.lesuniversdarmonia.fr\/WP\/wp-json\/wp\/v2\/types\/page"}],"author":[{"embeddable":true,"href":"https:\/\/www.lesuniversdarmonia.fr\/WP\/wp-json\/wp\/v2\/users\/1"}],"replies":[{"embeddable":true,"href":"https:\/\/www.lesuniversdarmonia.fr\/WP\/wp-json\/wp\/v2\/comments?post=731"}],"version-history":[{"count":4,"href":"https:\/\/www.lesuniversdarmonia.fr\/WP\/wp-json\/wp\/v2\/pages\/731\/revisions"}],"predecessor-version":[{"id":748,"href":"https:\/\/www.lesuniversdarmonia.fr\/WP\/wp-json\/wp\/v2\/pages\/731\/revisions\/748"}],"wp:attachment":[{"href":"https:\/\/www.lesuniversdarmonia.fr\/WP\/wp-json\/wp\/v2\/media?parent=731"}],"curies":[{"name":"wp","href":"https:\/\/api.w.org\/{rel}","templated":true}]}}