{"id":711,"date":"2022-03-16T07:39:07","date_gmt":"2022-03-16T06:39:07","guid":{"rendered":"https:\/\/www.lesuniversdarmonia.fr\/WP\/?page_id=711"},"modified":"2024-11-13T08:04:00","modified_gmt":"2024-11-13T07:04:00","slug":"je-suis-une-poupee-gigogne-tome-2","status":"publish","type":"page","link":"https:\/\/www.lesuniversdarmonia.fr\/WP\/je-suis-une-poupee-gigogne-tome-2\/","title":{"rendered":"Je suis une poup\u00e9e gigogne &#8211; tome 2"},"content":{"rendered":"\n<p>Dans le tome&nbsp;1, Armonia avait racont\u00e9 son parcours pour devenir la femme dont elle avait toujours r\u00eav\u00e9.<br><br>Dans ce deuxi\u00e8me opus, elle \u00e9voque des \u00e9pisodes de sa vie qu\u2019elle avait laiss\u00e9s en suspens. Le harc\u00e8lement et les manipulations qu\u2019elle a subis au cours de son enfance et pendant sa carri\u00e8re professionnelle. Son service militaire et ses d\u00e9boires lors de ses engagements politiques et syndicaux.<\/p>\n\n\n\n<p>Elle aborde des probl\u00e9matiques passionnantes&nbsp;: l\u2019acceptation de son pass\u00e9 d\u2019homme, la recherche de sa s\u0153ur et le deuil p\u00e9rinatal de sa m\u00e8re, la trahison des organisations dans lesquelles elle milita pendant des d\u00e9cennies, ses relations avec son ex-compagne, la rupture avec son fils, l\u2019amiti\u00e9, l\u2019inclusion, l\u2019esth\u00e9tique, la foi. Ce qu\u2019ont pu lui apporter l\u2019\u00e9criture et le th\u00e9\u00e2tre.<\/p>\n\n\n\n<p>Elle dresse l\u00e0 un tableau saisissant dans un style toujours aussi \u00e9l\u00e9gant.<\/p>\n\n\n\n<p>Un livre-v\u00e9rit\u00e9 profond et touchant\u2009!<\/p>\n\n\n\n<figure class=\"wp-block-gallery has-nested-images columns-default is-cropped wp-block-gallery-1 is-layout-flex wp-block-gallery-is-layout-flex\">\n<figure class=\"wp-block-image size-large\"><img width=\"891\" height=\"1229\" data-id=\"109\"  alt=\"\" class=\"wp-image-109 lws-optimize-lazyload\"\/ data-src=\"https:\/\/www.lesuniversdarmonia.fr\/WP\/wp-content\/uploads\/2021\/02\/Poupee_Gigogne_Tome-02_numerique.jpg\" srcset=\"https:\/\/www.lesuniversdarmonia.fr\/WP\/wp-content\/uploads\/2021\/02\/Poupee_Gigogne_Tome-02_numerique.jpg 891w, https:\/\/www.lesuniversdarmonia.fr\/WP\/wp-content\/uploads\/2021\/02\/Poupee_Gigogne_Tome-02_numerique-300x414.jpg 300w, https:\/\/www.lesuniversdarmonia.fr\/WP\/wp-content\/uploads\/2021\/02\/Poupee_Gigogne_Tome-02_numerique-600x828.jpg 600w, https:\/\/www.lesuniversdarmonia.fr\/WP\/wp-content\/uploads\/2021\/02\/Poupee_Gigogne_Tome-02_numerique-217x300.jpg 217w, https:\/\/www.lesuniversdarmonia.fr\/WP\/wp-content\/uploads\/2021\/02\/Poupee_Gigogne_Tome-02_numerique-742x1024.jpg 742w, https:\/\/www.lesuniversdarmonia.fr\/WP\/wp-content\/uploads\/2021\/02\/Poupee_Gigogne_Tome-02_numerique-768x1059.jpg 768w\" sizes=\"(max-width: 891px) 100vw, 891px\" \/><\/figure>\n<\/figure>\n\n\n\n<div class=\"wp-block-buttons is-layout-flex wp-block-buttons-is-layout-flex\">\n<div class=\"wp-block-button\"><a class=\"wp-block-button__link wp-element-button\" href=\"https:\/\/www.lesuniversdarmonia.fr\/WP\/ou-trouver-mes-livres\/\" target=\"_blank\" rel=\"noreferrer noopener\">O\u00f9 trouver ce livre ?<\/a><\/div>\n<\/div>\n","protected":false},"excerpt":{"rendered":"<p>Dans le tome&nbsp;1, Armonia avait racont\u00e9 son parcours pour devenir la femme dont elle avait toujours r\u00eav\u00e9. Dans ce deuxi\u00e8me opus, elle \u00e9voque des \u00e9pisodes de sa vie qu\u2019elle avait laiss\u00e9s en suspens. Le harc\u00e8lement et les manipulations qu\u2019elle a subis au cours de son enfance et pendant sa carri\u00e8re professionnelle. Son service militaire et ses d\u00e9boires lors de ses engagements politiques et syndicaux. Elle aborde des probl\u00e9matiques passionnantes&nbsp;: l\u2019acceptation de son pass\u00e9 d\u2019homme, la recherche de sa s\u0153ur et le deuil p\u00e9rinatal de sa m\u00e8re, la trahison des organisations dans lesquelles elle milita pendant des d\u00e9cennies, ses relations avec &hellip; <\/p>\n","protected":false},"author":1,"featured_media":0,"parent":0,"menu_order":0,"comment_status":"closed","ping_status":"closed","template":"","meta":{"footnotes":""},"class_list":["post-711","page","type-page","status-publish","hentry"],"_links":{"self":[{"href":"https:\/\/www.lesuniversdarmonia.fr\/WP\/wp-json\/wp\/v2\/pages\/711","targetHints":{"allow":["GET"]}}],"collection":[{"href":"https:\/\/www.lesuniversdarmonia.fr\/WP\/wp-json\/wp\/v2\/pages"}],"about":[{"href":"https:\/\/www.lesuniversdarmonia.fr\/WP\/wp-json\/wp\/v2\/types\/page"}],"author":[{"embeddable":true,"href":"https:\/\/www.lesuniversdarmonia.fr\/WP\/wp-json\/wp\/v2\/users\/1"}],"replies":[{"embeddable":true,"href":"https:\/\/www.lesuniversdarmonia.fr\/WP\/wp-json\/wp\/v2\/comments?post=711"}],"version-history":[{"count":4,"href":"https:\/\/www.lesuniversdarmonia.fr\/WP\/wp-json\/wp\/v2\/pages\/711\/revisions"}],"predecessor-version":[{"id":1144,"href":"https:\/\/www.lesuniversdarmonia.fr\/WP\/wp-json\/wp\/v2\/pages\/711\/revisions\/1144"}],"wp:attachment":[{"href":"https:\/\/www.lesuniversdarmonia.fr\/WP\/wp-json\/wp\/v2\/media?parent=711"}],"curies":[{"name":"wp","href":"https:\/\/api.w.org\/{rel}","templated":true}]}}