{"id":699,"date":"2022-03-15T15:00:19","date_gmt":"2022-03-15T14:00:19","guid":{"rendered":"https:\/\/www.lesuniversdarmonia.fr\/WP\/?page_id=699"},"modified":"2024-11-13T08:10:39","modified_gmt":"2024-11-13T07:10:39","slug":"un-papillon-dans-la-tete","status":"publish","type":"page","link":"https:\/\/www.lesuniversdarmonia.fr\/WP\/un-papillon-dans-la-tete\/","title":{"rendered":"Un papillon dans la t\u00eate"},"content":{"rendered":"\n<figure class=\"wp-block-image size-large\"><img width=\"672\" height=\"1024\"  alt=\"\" class=\"wp-image-135 lws-optimize-lazyload\"\/ data-src=\"https:\/\/www.lesuniversdarmonia.fr\/WP\/wp-content\/uploads\/2021\/02\/Papillons_Couverture_V05_UNE_Fulldef-Lemaitre-672x1024.jpg\" srcset=\"https:\/\/www.lesuniversdarmonia.fr\/WP\/wp-content\/uploads\/2021\/02\/Papillons_Couverture_V05_UNE_Fulldef-Lemaitre-672x1024.jpg 672w, https:\/\/www.lesuniversdarmonia.fr\/WP\/wp-content\/uploads\/2021\/02\/Papillons_Couverture_V05_UNE_Fulldef-Lemaitre-scaled-300x457.jpg 300w, https:\/\/www.lesuniversdarmonia.fr\/WP\/wp-content\/uploads\/2021\/02\/Papillons_Couverture_V05_UNE_Fulldef-Lemaitre-scaled-600x914.jpg 600w, https:\/\/www.lesuniversdarmonia.fr\/WP\/wp-content\/uploads\/2021\/02\/Papillons_Couverture_V05_UNE_Fulldef-Lemaitre-197x300.jpg 197w, https:\/\/www.lesuniversdarmonia.fr\/WP\/wp-content\/uploads\/2021\/02\/Papillons_Couverture_V05_UNE_Fulldef-Lemaitre-768x1170.jpg 768w, https:\/\/www.lesuniversdarmonia.fr\/WP\/wp-content\/uploads\/2021\/02\/Papillons_Couverture_V05_UNE_Fulldef-Lemaitre-1009x1536.jpg 1009w, https:\/\/www.lesuniversdarmonia.fr\/WP\/wp-content\/uploads\/2021\/02\/Papillons_Couverture_V05_UNE_Fulldef-Lemaitre-1345x2048.jpg 1345w, https:\/\/www.lesuniversdarmonia.fr\/WP\/wp-content\/uploads\/2021\/02\/Papillons_Couverture_V05_UNE_Fulldef-Lemaitre-1200x1828.jpg 1200w, https:\/\/www.lesuniversdarmonia.fr\/WP\/wp-content\/uploads\/2021\/02\/Papillons_Couverture_V05_UNE_Fulldef-Lemaitre-scaled.jpg 1681w\" sizes=\"(max-width: 672px) 100vw, 672px\" \/><\/figure>\n\n\n\n<p>Armonia Lemaitre avec ce recueil de po\u00e9sie, nous fait d\u00e9couvrir \u00ab de l\u2019int\u00e9rieur \u00bb le long cheminement qui l\u2019a conduite vers l\u2019accomplissement : devenir la femme que son corps et sa personnalit\u00e9 profonde ont toujours \u00e9t\u00e9 persuad\u00e9s d\u2019\u00eatre. Elle nous livre avec force et sinc\u00e9rit\u00e9 ses \u00e9tats d\u2019\u00e2me, ses difficult\u00e9s, ses renoncements, ses d\u00e9ceptions, mais aussi ses r\u00e9voltes, ses victoires. Ce qui transpara\u00eet dans ces textes inspir\u00e9s et profonds est sa volont\u00e9 malmen\u00e9e, mais toujours intacte, sa capacit\u00e9 d\u2019analyse, son amour, sa g\u00e9n\u00e9rosit\u00e9.<br>\u00ab La f\u00e9minit\u00e9 ne se d\u00e9finit pas, elle se vit \u00bb, affirme l\u2019auteur dans la maxime 17. N\u2019est-ce pas tout simplement \u00e0 l\u2019image du combat que les femmes ont eu \u00e0 mener au cours des si\u00e8cles pour exister en tant que telles\u2009?<br>\u00c0 vouloir devenir cette femme qu\u2019une erreur g\u00e9n\u00e9tique a fait na\u00eetre gar\u00e7on, l\u2019auteur nous donne ainsi une belle le\u00e7on de courage.<\/p>\n\n\n\n<div class=\"wp-block-buttons is-layout-flex wp-block-buttons-is-layout-flex\">\n<div class=\"wp-block-button\"><a class=\"wp-block-button__link wp-element-button\" href=\"https:\/\/www.lesuniversdarmonia.fr\/WP\/ou-trouver-mes-livres\/\" target=\"_blank\" rel=\"noreferrer noopener\">O\u00f9 trouver ce recueil ?<\/a><\/div>\n<\/div>\n","protected":false},"excerpt":{"rendered":"<p>Armonia Lemaitre avec ce recueil de po\u00e9sie, nous fait d\u00e9couvrir \u00ab de l\u2019int\u00e9rieur \u00bb le long cheminement qui l\u2019a conduite vers l\u2019accomplissement : devenir la femme que son corps et sa personnalit\u00e9 profonde ont toujours \u00e9t\u00e9 persuad\u00e9s d\u2019\u00eatre. Elle nous livre avec force et sinc\u00e9rit\u00e9 ses \u00e9tats d\u2019\u00e2me, ses difficult\u00e9s, ses renoncements, ses d\u00e9ceptions, mais aussi ses r\u00e9voltes, ses victoires. Ce qui transpara\u00eet dans ces textes inspir\u00e9s et profonds est sa volont\u00e9 malmen\u00e9e, mais toujours intacte, sa capacit\u00e9 d\u2019analyse, son amour, sa g\u00e9n\u00e9rosit\u00e9.\u00ab La f\u00e9minit\u00e9 ne se d\u00e9finit pas, elle se vit \u00bb, affirme l\u2019auteur dans la maxime 17. N\u2019est-ce &hellip; <\/p>\n","protected":false},"author":1,"featured_media":0,"parent":0,"menu_order":0,"comment_status":"closed","ping_status":"closed","template":"","meta":{"footnotes":""},"class_list":["post-699","page","type-page","status-publish","hentry"],"_links":{"self":[{"href":"https:\/\/www.lesuniversdarmonia.fr\/WP\/wp-json\/wp\/v2\/pages\/699","targetHints":{"allow":["GET"]}}],"collection":[{"href":"https:\/\/www.lesuniversdarmonia.fr\/WP\/wp-json\/wp\/v2\/pages"}],"about":[{"href":"https:\/\/www.lesuniversdarmonia.fr\/WP\/wp-json\/wp\/v2\/types\/page"}],"author":[{"embeddable":true,"href":"https:\/\/www.lesuniversdarmonia.fr\/WP\/wp-json\/wp\/v2\/users\/1"}],"replies":[{"embeddable":true,"href":"https:\/\/www.lesuniversdarmonia.fr\/WP\/wp-json\/wp\/v2\/comments?post=699"}],"version-history":[{"count":7,"href":"https:\/\/www.lesuniversdarmonia.fr\/WP\/wp-json\/wp\/v2\/pages\/699\/revisions"}],"predecessor-version":[{"id":1146,"href":"https:\/\/www.lesuniversdarmonia.fr\/WP\/wp-json\/wp\/v2\/pages\/699\/revisions\/1146"}],"wp:attachment":[{"href":"https:\/\/www.lesuniversdarmonia.fr\/WP\/wp-json\/wp\/v2\/media?parent=699"}],"curies":[{"name":"wp","href":"https:\/\/api.w.org\/{rel}","templated":true}]}}