{"id":697,"date":"2022-03-15T14:59:24","date_gmt":"2022-03-15T13:59:24","guid":{"rendered":"https:\/\/www.lesuniversdarmonia.fr\/WP\/?page_id=697"},"modified":"2024-07-03T11:13:24","modified_gmt":"2024-07-03T09:13:24","slug":"les-premices-du-papillon","status":"publish","type":"page","link":"https:\/\/www.lesuniversdarmonia.fr\/WP\/les-premices-du-papillon\/","title":{"rendered":"Les pr\u00e9mices du papillon"},"content":{"rendered":"\n<figure class=\"wp-block-image size-large\"><img width=\"729\" height=\"1024\"  alt=\"\" class=\"wp-image-132 lws-optimize-lazyload\"\/ data-src=\"https:\/\/www.lesuniversdarmonia.fr\/WP\/wp-content\/uploads\/2021\/02\/Couverture_Premisses_V05_UNE_Fulldef-Lemaitre-729x1024.jpg\" srcset=\"https:\/\/www.lesuniversdarmonia.fr\/WP\/wp-content\/uploads\/2021\/02\/Couverture_Premisses_V05_UNE_Fulldef-Lemaitre-729x1024.jpg 729w, https:\/\/www.lesuniversdarmonia.fr\/WP\/wp-content\/uploads\/2021\/02\/Couverture_Premisses_V05_UNE_Fulldef-Lemaitre-300x421.jpg 300w, https:\/\/www.lesuniversdarmonia.fr\/WP\/wp-content\/uploads\/2021\/02\/Couverture_Premisses_V05_UNE_Fulldef-Lemaitre-600x842.jpg 600w, https:\/\/www.lesuniversdarmonia.fr\/WP\/wp-content\/uploads\/2021\/02\/Couverture_Premisses_V05_UNE_Fulldef-Lemaitre-214x300.jpg 214w, https:\/\/www.lesuniversdarmonia.fr\/WP\/wp-content\/uploads\/2021\/02\/Couverture_Premisses_V05_UNE_Fulldef-Lemaitre-768x1078.jpg 768w, https:\/\/www.lesuniversdarmonia.fr\/WP\/wp-content\/uploads\/2021\/02\/Couverture_Premisses_V05_UNE_Fulldef-Lemaitre-1094x1536.jpg 1094w, https:\/\/www.lesuniversdarmonia.fr\/WP\/wp-content\/uploads\/2021\/02\/Couverture_Premisses_V05_UNE_Fulldef-Lemaitre-1459x2048.jpg 1459w, https:\/\/www.lesuniversdarmonia.fr\/WP\/wp-content\/uploads\/2021\/02\/Couverture_Premisses_V05_UNE_Fulldef-Lemaitre-1200x1685.jpg 1200w, https:\/\/www.lesuniversdarmonia.fr\/WP\/wp-content\/uploads\/2021\/02\/Couverture_Premisses_V05_UNE_Fulldef-Lemaitre.jpg 1817w\" sizes=\"(max-width: 729px) 100vw, 729px\" \/><\/figure>\n\n\n\n<p>Le papillon a cette facult\u00e9 de na\u00eetre de lui-m\u00eame.<br>Dans son pr\u00e9c\u00e9dent recueil, Armonia Lemaitre nous proposait des po\u00e8mes \u00e9crits pendant sa transition vers la femme dont elle s&rsquo;\u00e9tait toujours sentie habit\u00e9e.<br>Avec ce recueil, elle nous d\u00e9voile l\u2019envers du d\u00e9cor lorsqu&rsquo;elle vivait encore dans ce corps qui n&rsquo;\u00e9tait pas le sien. Nous retrouvons avec plaisir sa plume ac\u00e9r\u00e9e, son esprit militant, sa perception du monde avec ses injustices, ses souffrances, le regard qu&rsquo;elle porte aux oubli\u00e9s, aux meurtris par la vie, aux exclus. En une m\u00e9lop\u00e9e sans cesse renouvel\u00e9e , son langage po\u00e9tique nous enveloppe et on ne peut qu&rsquo;\u00eatre touch\u00e9 par la lecture de ces textes.<br>Ces pr\u00e9mices du papillon nous ouvrent grandes les portes de l&rsquo;univers original d&rsquo;Armonia Lemaitre<\/p>\n\n\n\n<div class=\"wp-block-buttons is-layout-flex wp-block-buttons-is-layout-flex\">\n<div class=\"wp-block-button\"><a class=\"wp-block-button__link wp-element-button\" href=\"https:\/\/www.lesuniversdarmonia.fr\/WP\/ou-trouver-mes-livres\/\" target=\"_blank\" rel=\"noreferrer noopener\">O\u00f9 trouver ce recueil ?<\/a><\/div>\n<\/div>\n","protected":false},"excerpt":{"rendered":"<p>Le papillon a cette facult\u00e9 de na\u00eetre de lui-m\u00eame.Dans son pr\u00e9c\u00e9dent recueil, Armonia Lemaitre nous proposait des po\u00e8mes \u00e9crits pendant sa transition vers la femme dont elle s&rsquo;\u00e9tait toujours sentie habit\u00e9e.Avec ce recueil, elle nous d\u00e9voile l\u2019envers du d\u00e9cor lorsqu&rsquo;elle vivait encore dans ce corps qui n&rsquo;\u00e9tait pas le sien. Nous retrouvons avec plaisir sa plume ac\u00e9r\u00e9e, son esprit militant, sa perception du monde avec ses injustices, ses souffrances, le regard qu&rsquo;elle porte aux oubli\u00e9s, aux meurtris par la vie, aux exclus. En une m\u00e9lop\u00e9e sans cesse renouvel\u00e9e , son langage po\u00e9tique nous enveloppe et on ne peut qu&rsquo;\u00eatre touch\u00e9 &hellip; <\/p>\n","protected":false},"author":1,"featured_media":0,"parent":0,"menu_order":0,"comment_status":"closed","ping_status":"closed","template":"","meta":{"footnotes":""},"class_list":["post-697","page","type-page","status-publish","hentry"],"_links":{"self":[{"href":"https:\/\/www.lesuniversdarmonia.fr\/WP\/wp-json\/wp\/v2\/pages\/697","targetHints":{"allow":["GET"]}}],"collection":[{"href":"https:\/\/www.lesuniversdarmonia.fr\/WP\/wp-json\/wp\/v2\/pages"}],"about":[{"href":"https:\/\/www.lesuniversdarmonia.fr\/WP\/wp-json\/wp\/v2\/types\/page"}],"author":[{"embeddable":true,"href":"https:\/\/www.lesuniversdarmonia.fr\/WP\/wp-json\/wp\/v2\/users\/1"}],"replies":[{"embeddable":true,"href":"https:\/\/www.lesuniversdarmonia.fr\/WP\/wp-json\/wp\/v2\/comments?post=697"}],"version-history":[{"count":6,"href":"https:\/\/www.lesuniversdarmonia.fr\/WP\/wp-json\/wp\/v2\/pages\/697\/revisions"}],"predecessor-version":[{"id":1145,"href":"https:\/\/www.lesuniversdarmonia.fr\/WP\/wp-json\/wp\/v2\/pages\/697\/revisions\/1145"}],"wp:attachment":[{"href":"https:\/\/www.lesuniversdarmonia.fr\/WP\/wp-json\/wp\/v2\/media?parent=697"}],"curies":[{"name":"wp","href":"https:\/\/api.w.org\/{rel}","templated":true}]}}