{"id":682,"date":"2022-03-15T11:34:28","date_gmt":"2022-03-15T10:34:28","guid":{"rendered":"https:\/\/www.lesuniversdarmonia.fr\/WP\/?page_id=682"},"modified":"2025-12-26T17:26:07","modified_gmt":"2025-12-26T16:26:07","slug":"emprises","status":"publish","type":"page","link":"https:\/\/www.lesuniversdarmonia.fr\/WP\/emprises\/","title":{"rendered":"Emprises"},"content":{"rendered":"\n<figure class=\"wp-block-image size-large\"><img  alt=\"\" class=\"wp-image-824 lws-optimize-lazyload\"\/ data-src=\"https:\/\/www.lesuniversdarmonia.fr\/WP\/wp-content\/uploads\/2022\/05\/Armonia-Lemaitre-721x1024.png\"><\/figure>\n\n\n\n<p>Aristide Darmanville, ancien r\u00e9sistant, d\u00e9port\u00e9 et gaulliste de la premi\u00e8re heure, est un industriel qui a remis \u00e0 flot l\u2019entreprise familiale. Il r\u00e8gne en ma\u00eetre absolu sur son entourage, sa femme et ses deux enfants. Pour Aristide, un homme doit \u00eatre un dur, un battant et affronter les \u00e9preuves de la vie sans faiblesse. Simon Darmanville, dont la sensibilit\u00e9 s\u2019accorde mal avec les exigences d\u00e9mesur\u00e9es de son p\u00e8re, grandit au fil des pages tandis que la soci\u00e9t\u00e9 au sein de laquelle il \u00e9volue conna\u00eet de grands bouleversements.<\/p>\n\n\n\n<p>Soif de pouvoir, d\u00e9sir de vengeance et besoin d\u2019\u00eatre soi animent les personnages de cette saga familiale qui s\u2019inscrit dans l\u2019histoire contemporaine de la France.<\/p>\n\n\n\n<div class=\"wp-block-buttons is-layout-flex wp-block-buttons-is-layout-flex\">\n<div class=\"wp-block-button\"><a class=\"wp-block-button__link wp-element-button\" href=\"https:\/\/lesuniversdarmonia.eproshopping.fr\/1692786-Emprises-livre-broche\" target=\"_blank\" rel=\"noreferrer noopener\">Commander<\/a><\/div>\n<\/div>\n\n\n\n<p>Lire un extrait :<\/p>\n\n\n<a href=\"https:\/\/www.lesuniversdarmonia.fr\/WP\/wp-content\/uploads\/2025\/12\/Extrait-dEmprises-pour-le-site.pdf\" class=\"pdfemb-viewer\" style=\"\" data-width=\"max\" data-height=\"max\" data-toolbar=\"top\" data-toolbar-fixed=\"off\">Extrait-dEmprises-pour-le-site<\/a>","protected":false},"excerpt":{"rendered":"<p>Aristide Darmanville, ancien r\u00e9sistant, d\u00e9port\u00e9 et gaulliste de la premi\u00e8re heure, est un industriel qui a remis \u00e0 flot l\u2019entreprise familiale. Il r\u00e8gne en ma\u00eetre absolu sur son entourage, sa femme et ses deux enfants. Pour Aristide, un homme doit \u00eatre un dur, un battant et affronter les \u00e9preuves de la vie sans faiblesse. Simon Darmanville, dont la sensibilit\u00e9 s\u2019accorde mal avec les exigences d\u00e9mesur\u00e9es de son p\u00e8re, grandit au fil des pages tandis que la soci\u00e9t\u00e9 au sein de laquelle il \u00e9volue conna\u00eet de grands bouleversements. Soif de pouvoir, d\u00e9sir de vengeance et besoin d\u2019\u00eatre soi animent les personnages &hellip; <\/p>\n","protected":false},"author":1,"featured_media":0,"parent":0,"menu_order":0,"comment_status":"closed","ping_status":"closed","template":"","meta":{"footnotes":""},"class_list":["post-682","page","type-page","status-publish","hentry"],"_links":{"self":[{"href":"https:\/\/www.lesuniversdarmonia.fr\/WP\/wp-json\/wp\/v2\/pages\/682","targetHints":{"allow":["GET"]}}],"collection":[{"href":"https:\/\/www.lesuniversdarmonia.fr\/WP\/wp-json\/wp\/v2\/pages"}],"about":[{"href":"https:\/\/www.lesuniversdarmonia.fr\/WP\/wp-json\/wp\/v2\/types\/page"}],"author":[{"embeddable":true,"href":"https:\/\/www.lesuniversdarmonia.fr\/WP\/wp-json\/wp\/v2\/users\/1"}],"replies":[{"embeddable":true,"href":"https:\/\/www.lesuniversdarmonia.fr\/WP\/wp-json\/wp\/v2\/comments?post=682"}],"version-history":[{"count":32,"href":"https:\/\/www.lesuniversdarmonia.fr\/WP\/wp-json\/wp\/v2\/pages\/682\/revisions"}],"predecessor-version":[{"id":1707,"href":"https:\/\/www.lesuniversdarmonia.fr\/WP\/wp-json\/wp\/v2\/pages\/682\/revisions\/1707"}],"wp:attachment":[{"href":"https:\/\/www.lesuniversdarmonia.fr\/WP\/wp-json\/wp\/v2\/media?parent=682"}],"curies":[{"name":"wp","href":"https:\/\/api.w.org\/{rel}","templated":true}]}}