{"id":66,"date":"2021-02-21T09:01:36","date_gmt":"2021-02-21T08:01:36","guid":{"rendered":"http:\/\/www.lesuniversdarmonia.fr\/WP\/?page_id=66"},"modified":"2025-12-26T17:25:12","modified_gmt":"2025-12-26T16:25:12","slug":"roman","status":"publish","type":"page","link":"https:\/\/www.lesuniversdarmonia.fr\/WP\/roman\/","title":{"rendered":"Tu ne le diras \u00e0 personne"},"content":{"rendered":"\n<figure class=\"wp-block-image size-large\"><img width=\"722\" height=\"1024\"  alt=\"\" class=\"wp-image-80 lws-optimize-lazyload\"\/ data-src=\"https:\/\/www.lesuniversdarmonia.fr\/WP\/wp-content\/uploads\/2021\/02\/Tu-ne-le-diras-a-personne-version-RS-Armonia-Lemaitre-722x1024.jpg\" srcset=\"https:\/\/www.lesuniversdarmonia.fr\/WP\/wp-content\/uploads\/2021\/02\/Tu-ne-le-diras-a-personne-version-RS-Armonia-Lemaitre-722x1024.jpg 722w, https:\/\/www.lesuniversdarmonia.fr\/WP\/wp-content\/uploads\/2021\/02\/Tu-ne-le-diras-a-personne-version-RS-Armonia-Lemaitre-scaled-300x426.jpg 300w, https:\/\/www.lesuniversdarmonia.fr\/WP\/wp-content\/uploads\/2021\/02\/Tu-ne-le-diras-a-personne-version-RS-Armonia-Lemaitre-scaled-600x851.jpg 600w, https:\/\/www.lesuniversdarmonia.fr\/WP\/wp-content\/uploads\/2021\/02\/Tu-ne-le-diras-a-personne-version-RS-Armonia-Lemaitre-211x300.jpg 211w, https:\/\/www.lesuniversdarmonia.fr\/WP\/wp-content\/uploads\/2021\/02\/Tu-ne-le-diras-a-personne-version-RS-Armonia-Lemaitre-768x1090.jpg 768w, https:\/\/www.lesuniversdarmonia.fr\/WP\/wp-content\/uploads\/2021\/02\/Tu-ne-le-diras-a-personne-version-RS-Armonia-Lemaitre-1083x1536.jpg 1083w, https:\/\/www.lesuniversdarmonia.fr\/WP\/wp-content\/uploads\/2021\/02\/Tu-ne-le-diras-a-personne-version-RS-Armonia-Lemaitre-1443x2048.jpg 1443w, https:\/\/www.lesuniversdarmonia.fr\/WP\/wp-content\/uploads\/2021\/02\/Tu-ne-le-diras-a-personne-version-RS-Armonia-Lemaitre-1200x1703.jpg 1200w, https:\/\/www.lesuniversdarmonia.fr\/WP\/wp-content\/uploads\/2021\/02\/Tu-ne-le-diras-a-personne-version-RS-Armonia-Lemaitre-1980x2809.jpg 1980w, https:\/\/www.lesuniversdarmonia.fr\/WP\/wp-content\/uploads\/2021\/02\/Tu-ne-le-diras-a-personne-version-RS-Armonia-Lemaitre-scaled.jpg 1804w\" sizes=\"(max-width: 722px) 100vw, 722px\" \/><\/figure>\n\n\n\n<p><strong>C\u2019est en apprenant brutalement un secret de famille qu\u2019Armonia Lema\u00eetre a entrepris la r\u00e9daction de ce roman. Elle y d\u00e9cortique les m\u00e9canismes de la transmission d\u2019un traumatisme subi par un enfant au d\u00e9but du 20<sup>\u00e8me<\/sup> si\u00e8cle. L\u2019omerta qui entoura cet \u00e9v\u00e9nement majeur n\u2019a eu de cesse d\u2019empoisonner le destin des membres d\u2019une m\u00eame lign\u00e9e familiale. Nous d\u00e9couvrons alors avec effroi le poids des non-dits, les ravages du silence et son impact sur la psychologie des protagonistes de cette histoire, g\u00e9n\u00e9ration apr\u00e8s g\u00e9n\u00e9ration. Armonia Lema\u00eetre aborde un sujet exigeant, mais avec finesse, sans jamais tomber dans le voyeurisme. Un livre qui ne vous laissera pas indiff\u00e9rent.<\/strong><\/p>\n\n\n\n<div class=\"wp-block-buttons is-layout-flex wp-block-buttons-is-layout-flex\">\n<div class=\"wp-block-button\"><a class=\"wp-block-button__link wp-element-button\" href=\"https:\/\/www.lesuniversdarmonia.fr\/WP\/boutique\/\">Commander<\/a><\/div>\n<\/div>\n\n\n\n<p><strong>Lire un extrait :<\/strong><\/p>\n\n\n<a href=\"https:\/\/www.lesuniversdarmonia.fr\/WP\/wp-content\/uploads\/2025\/12\/Extrait-Tu-ne-le-diras-a-personne-Site.pdf\" class=\"pdfemb-viewer\" style=\"\" data-width=\"max\" data-height=\"max\" data-toolbar=\"top\" data-toolbar-fixed=\"off\">Extrait-Tu-ne-le-diras-a-personne-Site<\/a>","protected":false},"excerpt":{"rendered":"<p>C\u2019est en apprenant brutalement un secret de famille qu\u2019Armonia Lema\u00eetre a entrepris la r\u00e9daction de ce roman. Elle y d\u00e9cortique les m\u00e9canismes de la transmission d\u2019un traumatisme subi par un enfant au d\u00e9but du 20\u00e8me si\u00e8cle. L\u2019omerta qui entoura cet \u00e9v\u00e9nement majeur n\u2019a eu de cesse d\u2019empoisonner le destin des membres d\u2019une m\u00eame lign\u00e9e familiale. Nous d\u00e9couvrons alors avec effroi le poids des non-dits, les ravages du silence et son impact sur la psychologie des protagonistes de cette histoire, g\u00e9n\u00e9ration apr\u00e8s g\u00e9n\u00e9ration. Armonia Lema\u00eetre aborde un sujet exigeant, mais avec finesse, sans jamais tomber dans le voyeurisme. Un livre qui &hellip; <\/p>\n","protected":false},"author":1,"featured_media":0,"parent":0,"menu_order":0,"comment_status":"closed","ping_status":"closed","template":"","meta":{"footnotes":""},"class_list":["post-66","page","type-page","status-publish","hentry"],"_links":{"self":[{"href":"https:\/\/www.lesuniversdarmonia.fr\/WP\/wp-json\/wp\/v2\/pages\/66","targetHints":{"allow":["GET"]}}],"collection":[{"href":"https:\/\/www.lesuniversdarmonia.fr\/WP\/wp-json\/wp\/v2\/pages"}],"about":[{"href":"https:\/\/www.lesuniversdarmonia.fr\/WP\/wp-json\/wp\/v2\/types\/page"}],"author":[{"embeddable":true,"href":"https:\/\/www.lesuniversdarmonia.fr\/WP\/wp-json\/wp\/v2\/users\/1"}],"replies":[{"embeddable":true,"href":"https:\/\/www.lesuniversdarmonia.fr\/WP\/wp-json\/wp\/v2\/comments?post=66"}],"version-history":[{"count":22,"href":"https:\/\/www.lesuniversdarmonia.fr\/WP\/wp-json\/wp\/v2\/pages\/66\/revisions"}],"predecessor-version":[{"id":1705,"href":"https:\/\/www.lesuniversdarmonia.fr\/WP\/wp-json\/wp\/v2\/pages\/66\/revisions\/1705"}],"wp:attachment":[{"href":"https:\/\/www.lesuniversdarmonia.fr\/WP\/wp-json\/wp\/v2\/media?parent=66"}],"curies":[{"name":"wp","href":"https:\/\/api.w.org\/{rel}","templated":true}]}}