{"id":608,"date":"2021-09-27T06:10:36","date_gmt":"2021-09-27T04:10:36","guid":{"rendered":"https:\/\/www.lesuniversdarmonia.fr\/WP\/?page_id=608"},"modified":"2024-07-08T09:19:30","modified_gmt":"2024-07-08T07:19:30","slug":"a-nous-lamerique","status":"publish","type":"page","link":"https:\/\/www.lesuniversdarmonia.fr\/WP\/nouvelle\/a-nous-lamerique\/","title":{"rendered":"A nous l&rsquo;Am\u00e9rique !"},"content":{"rendered":"\n<p><em>Cette nouvelle a r\u00e9pondu au concours de nouvelle organis\u00e9 par les Automn&rsquo;Halles, le salon du livre de la Ville de S\u00e8te. <\/em><\/p>\n\n\n\n<p><em>Il avait pour th\u00e8me : Larguons les amarres !  <\/em><\/p>\n\n\n\n<p><\/p>\n\n\n\n<p>Il est venu me retrouver, comme tous les jours, dans le refuge o\u00f9 je vis avec mes minots.<\/p>\n\n\n\n<p>Tout de suite, avant m\u00eame de dire quoi que ce soit, il m\u2019a fait cette proposition&nbsp;: \u00ab\u2009Larguons les amarres\u2009!\u2009\u00bb<\/p>\n\n\n\n<p>Cela m\u2019a surprise. Apr\u00e8s tout, on se conna\u00eet \u00e0 peine. M\u00eame si, je dois l\u2019avouer, je le trouve plut\u00f4t craquant et sexy.<\/p>\n\n\n\n<p>Je l\u2019avais rencontr\u00e9 lors d\u2019une de mes maraudes sur le port pour d\u00e9gotter du poisson. J\u2019en avais aper\u00e7u d\u2019autres qui r\u00f4daient dans le coin. \u00c7\u2019aurait \u00e9t\u00e9 trop beau que je sois seule sur le coup. L\u2019affrontement \u00e9tait in\u00e9vitable. J\u2019\u00e9tais pr\u00eate au combat. Les occasions de trouver de quoi se remplir l\u2019estomac ne sont pas si nombreuses. Il a d\u00e9barqu\u00e9 de nulle part, bon prince. C\u2019est vrai qu\u2019il en imposait. Lorsqu\u2019on le voyait, on se disait&nbsp;: mieux vaut ne pas s\u2019y frotter. Les autres avaient certainement cru que nous \u00e9tions ensemble. Ils avaient battu en retraite. On avait pris ce qu\u2019on voulait. Puis on \u00e9tait parti. Il avait tenu \u00e0 me raccompagner. \u00ab\u2009On ne sait jamais, avait-il dit. Ce sont des charognards. Ils peuvent revenir pour te voler ce que tu as glan\u00e9\u2009\u00bb. J\u2019avais trouv\u00e9 cela plut\u00f4t chevaleresque.<\/p>\n\n\n\n<p>Il m\u2019avait suivi jusqu\u2019au restaurant dans lequel je m\u2019\u00e9tais install\u00e9e. Un abri id\u00e9al, abandonn\u00e9 ou ferm\u00e9, je ne sais pas vraiment. Avec la pand\u00e9mie, les possibilit\u00e9s de d\u00e9nicher des endroits ad\u00e9quats se sont multipli\u00e9es. Ce n\u2019est pas un palace. Mais j\u2019y tiens. Quand on est \u00e0 la rue, on doit se contenter de ce que l\u2019on a.<\/p>\n\n\n\n<p>\u00ab\u2009Larguons les amarres\u2009!\u2009\u00bb Et il a ajout\u00e9&nbsp;: \u00ab\u2009Allez\u2009! Fais-pas ta timor\u00e9e. La campagne est vaste, tu peux me croire. Je l\u2019ai visit\u00e9e. Des paysages \u00e9poustouflants, une nature sans limites. Tu ne connais pas \u00e7a, toi. Tu es de la ville. Tu n\u2019es jamais sortie de ton trou \u00e0 rat. Mais moi, j\u2019ai bourlingu\u00e9 un peu partout. Je peux te dire que \u00e7a en vaut la peine.\u2009\u00bb<\/p>\n\n\n\n<p>S\u2019il croit que c\u2019est facile de partir comme cela, du jour au lendemain. Lui, il est libre comme l\u2019air, c\u00e9libataire, sans parent vivant, sans attache. Mais moi, j\u2019ai ma prog\u00e9niture \u00e0 nourrir et \u00e0 \u00e9lever. Et ils sont voraces, jamais rassasi\u00e9s. Je n\u2019ai pas le choix. Je suis une bonne m\u00e8re et je dois me d\u00e9brouiller pour leur trouver de quoi se sustenter. Tous les jours. Heureusement au Havre, c\u2019est plus facile. Je fais les poubelles, les fins de cri\u00e9e et de march\u00e9. J\u2019arrive toujours \u00e0 grappiller quelque chose.<\/p>\n\n\n\n<p>Partir \u00e0 la campagne\u2009? Mon p\u00e8re, il \u00e9tait de la campagne. La vie y \u00e9tait dure. \u00ab\u2009\u00c0 la campagne disait-il, tu n\u2019es jamais s\u00fbre de rien. Tu dois lutter, te donner du mal, beaucoup de mal pour trouver de quoi te nourrir. Pour des sans domicile fixe comme nous, c\u2019est trop risqu\u00e9. Trop incertain. Mon p\u00e8re a choisi la ville. Il ne l\u2019a pas regrett\u00e9. Tout y est plus facile, et les refuges sont plus nombreux. Il y a m\u00eame des associations qui nous aident. Parfois, elles nous offrent des repas.<\/p>\n\n\n\n<p>Lui, il s\u2019en fout\u2009! Il vit de l\u2019air du temps toute la journ\u00e9e, \u00e0 se balader par monts et par vaux.<\/p>\n\n\n\n<p>\u201cJe tiens \u00e0 mon ind\u00e9pendance, affirma-t-il un jour.\u201d Son ind\u00e9pendance\u2009? Tu parles\u2009!<\/p>\n\n\n\n<p>\u201cOn pourrait partir pour l\u2019Am\u00e9rique\u201d, m\u2019a-t-il lanc\u00e9 un jour. Il y a un bateau sur le port. Un porte-conteneur qui fait la liaison. J\u2019en connais qui ont embarqu\u00e9. Je sais comment proc\u00e9der, fais-moi confiance. On peut facilement se faufiler. Ensuite \u00e0 nous l\u2019Am\u00e9rique\u2009! Un pays vaste comme tu n\u2019en as pas id\u00e9e, plein de possibilit\u00e9s. On pourrait y vivre peinards, toi et moi\u2009\u00bb.<\/p>\n\n\n\n<p>L\u2019Am\u00e9rique, l\u2019Am\u00e9rique\u2009! Il en a de bonnes. Et qu\u2019est-ce que je fais de mes petits loups\u2009? Je ne peux pas les larguer. Ils sont encore si jeunes et si fragiles.<\/p>\n\n\n\n<p>\u00ab\u2009Tu n\u2019as qu\u2019\u00e0 les laisser au Havre. Tu les d\u00e9poses devant une porte&nbsp;: celle de l\u2019\u00e9glise par exemple. Ils seront adopt\u00e9s, crois-moi\u2009!\u2009\u00bb<\/p>\n\n\n\n<p>Abandonner mes amours. Jamais\u2009! Surtout pas pour aller courir l\u2019aventure dans un pays que je ne connais pas.<\/p>\n\n\n\n<p>Il insiste lourdement. Il me relance tous les jours. \u00ab\u2009Je m\u2019occuperais bien de toi et de tes rejetons, me jura-t-il, un jour.\u2009\u00bb Bizarrement, il a accept\u00e9 de les emmener aussi. \u00ab\u2009Je suis fort et malin. Je trouverai toujours des solutions. J\u2019ai l\u2019habitude de la rue.\u2009\u00bb<\/p>\n\n\n\n<p>Cela m\u2019a rendue m\u00e9fiante. J\u2019en ai connu des beaux parleurs. Avec leurs promesses et qui fichent le camp d\u00e8s qu\u2019ils ont obtenu ce qu\u2019ils veulent.<\/p>\n\n\n\n<p>Souvent, il nous apporte de la viande et du poisson. Cela me fait craquer, c\u2019est s\u00fbr\u2009! Il essaye de me s\u00e9duire, de me prendre par les sentiments, de m\u2019endormir.<\/p>\n\n\n\n<p>Mais, je n\u2019ai pas c\u00e9d\u00e9. Alors, il est devenu ombrageux. Il est entr\u00e9 dans une col\u00e8re\u2009! Il a cri\u00e9&nbsp;: \u00ab\u2009tu ne sais pas ce que tu perds. Un protecteur avec qui tu serais toujours en s\u00e9curit\u00e9. Qui te pr\u00e9serverait des dangers, des envieux, des voleurs.\u2009\u00bb Cela ressemblait \u00e0 une menace. Cela m\u2019a mis la puce \u00e0 l\u2019oreille. Apr\u00e8s tout, il n\u2019est peut-\u00eatre pas celui qu\u2019il pr\u00e9tend.<\/p>\n\n\n\n<p>\u00ab\u2009Je ne t\u2019ai pas attendu pour me d\u00e9fendre\u2009!\u2009\u00bb ai-je r\u00e9pondu \u00e0 son petit chantage minable. C\u2019est vrai que j\u2019ai aussi du caract\u00e8re. Je ne me laisse pas faire. Quand on est \u00e0 la rue, c\u2019est important de savoir faire face \u00e0 toutes les situations. Avec tout ce qui tra\u00eene en ville, on doit se faire respecter. Moi, je n\u2019ai jamais h\u00e9sit\u00e9 \u00e0 rendre coup pour coup.<\/p>\n\n\n\n<p>Constatant que je n\u2019abdiquais toujours pas, il m\u2019a mis le march\u00e9 en main.<\/p>\n\n\n\n<p>\u00ab\u2009Sois tu pars avec moi, soit tu ne me reverras plus jamais\u2009!\u2009\u00bb<\/p>\n\n\n\n<p>J\u2019avoue que j\u2019ai un peu h\u00e9sit\u00e9. Il est tellement beau et muscl\u00e9. Mais en fin de compte, j\u2019ai dit&nbsp;: \u00ab\u2009non\u2009!\u2009\u00bb\u2009 Un non ferme et d\u00e9finitif.<\/p>\n\n\n\n<p>Il m\u2019a alors tourn\u00e9 le dos et s\u2019est \u00e9loign\u00e9. La derni\u00e8re chose que j\u2019ai vue de lui c\u2019est sa longue queue tigr\u00e9e de chat de goutti\u00e8re.<\/p>\n","protected":false},"excerpt":{"rendered":"<p>Cette nouvelle a r\u00e9pondu au concours de nouvelle organis\u00e9 par les Automn&rsquo;Halles, le salon du livre de la Ville de S\u00e8te. <\/p>\n","protected":false},"author":1,"featured_media":0,"parent":140,"menu_order":0,"comment_status":"closed","ping_status":"closed","template":"","meta":{"footnotes":""},"class_list":["post-608","page","type-page","status-publish","hentry"],"_links":{"self":[{"href":"https:\/\/www.lesuniversdarmonia.fr\/WP\/wp-json\/wp\/v2\/pages\/608","targetHints":{"allow":["GET"]}}],"collection":[{"href":"https:\/\/www.lesuniversdarmonia.fr\/WP\/wp-json\/wp\/v2\/pages"}],"about":[{"href":"https:\/\/www.lesuniversdarmonia.fr\/WP\/wp-json\/wp\/v2\/types\/page"}],"author":[{"embeddable":true,"href":"https:\/\/www.lesuniversdarmonia.fr\/WP\/wp-json\/wp\/v2\/users\/1"}],"replies":[{"embeddable":true,"href":"https:\/\/www.lesuniversdarmonia.fr\/WP\/wp-json\/wp\/v2\/comments?post=608"}],"version-history":[{"count":2,"href":"https:\/\/www.lesuniversdarmonia.fr\/WP\/wp-json\/wp\/v2\/pages\/608\/revisions"}],"predecessor-version":[{"id":862,"href":"https:\/\/www.lesuniversdarmonia.fr\/WP\/wp-json\/wp\/v2\/pages\/608\/revisions\/862"}],"up":[{"embeddable":true,"href":"https:\/\/www.lesuniversdarmonia.fr\/WP\/wp-json\/wp\/v2\/pages\/140"}],"wp:attachment":[{"href":"https:\/\/www.lesuniversdarmonia.fr\/WP\/wp-json\/wp\/v2\/media?parent=608"}],"curies":[{"name":"wp","href":"https:\/\/api.w.org\/{rel}","templated":true}]}}