{"id":206,"date":"2021-02-23T13:56:16","date_gmt":"2021-02-23T12:56:16","guid":{"rendered":"http:\/\/www.lesuniversdarmonia.fr\/WP\/?page_id=206"},"modified":"2026-02-28T09:39:32","modified_gmt":"2026-02-28T08:39:32","slug":"medias","status":"publish","type":"page","link":"https:\/\/www.lesuniversdarmonia.fr\/WP\/medias\/","title":{"rendered":"Articles de journaux"},"content":{"rendered":"\n<figure class=\"wp-block-image size-large\"><img width=\"576\" height=\"1024\"  alt=\"\" class=\"wp-image-1760 lws-optimize-lazyload\"\/ data-src=\"https:\/\/www.lesuniversdarmonia.fr\/WP\/wp-content\/uploads\/2026\/02\/article-midi-libre-576x1024.jpg\" srcset=\"https:\/\/www.lesuniversdarmonia.fr\/WP\/wp-content\/uploads\/2026\/02\/article-midi-libre-576x1024.jpg 576w, https:\/\/www.lesuniversdarmonia.fr\/WP\/wp-content\/uploads\/2026\/02\/article-midi-libre-169x300.jpg 169w, https:\/\/www.lesuniversdarmonia.fr\/WP\/wp-content\/uploads\/2026\/02\/article-midi-libre-768x1365.jpg 768w, https:\/\/www.lesuniversdarmonia.fr\/WP\/wp-content\/uploads\/2026\/02\/article-midi-libre-864x1536.jpg 864w, https:\/\/www.lesuniversdarmonia.fr\/WP\/wp-content\/uploads\/2026\/02\/article-midi-libre-1152x2048.jpg 1152w, https:\/\/www.lesuniversdarmonia.fr\/WP\/wp-content\/uploads\/2026\/02\/article-midi-libre-34x60.jpg 34w, https:\/\/www.lesuniversdarmonia.fr\/WP\/wp-content\/uploads\/2026\/02\/article-midi-libre-1320x2347.jpg 1320w, https:\/\/www.lesuniversdarmonia.fr\/WP\/wp-content\/uploads\/2026\/02\/article-midi-libre-300x533.jpg 300w, https:\/\/www.lesuniversdarmonia.fr\/WP\/wp-content\/uploads\/2026\/02\/article-midi-libre-600x1067.jpg 600w, https:\/\/www.lesuniversdarmonia.fr\/WP\/wp-content\/uploads\/2026\/02\/article-midi-libre-scaled.jpg 1440w\" sizes=\"(max-width: 576px) 100vw, 576px\" \/><\/figure>\n\n\n\n<figure class=\"wp-block-image size-large\"><img width=\"724\" height=\"1024\"  alt=\"\" class=\"wp-image-207 lws-optimize-lazyload\" title=\"Article de Midi Libre S\u00e8te\"\/ data-src=\"https:\/\/www.lesuniversdarmonia.fr\/WP\/wp-content\/uploads\/2021\/02\/Article-Midi-Libre-Armonia-Lemaitre-724x1024.jpg\" srcset=\"https:\/\/www.lesuniversdarmonia.fr\/WP\/wp-content\/uploads\/2021\/02\/Article-Midi-Libre-Armonia-Lemaitre-724x1024.jpg 724w, https:\/\/www.lesuniversdarmonia.fr\/WP\/wp-content\/uploads\/2021\/02\/Article-Midi-Libre-Armonia-Lemaitre-300x424.jpg 300w, https:\/\/www.lesuniversdarmonia.fr\/WP\/wp-content\/uploads\/2021\/02\/Article-Midi-Libre-Armonia-Lemaitre-600x848.jpg 600w, https:\/\/www.lesuniversdarmonia.fr\/WP\/wp-content\/uploads\/2021\/02\/Article-Midi-Libre-Armonia-Lemaitre-212x300.jpg 212w, https:\/\/www.lesuniversdarmonia.fr\/WP\/wp-content\/uploads\/2021\/02\/Article-Midi-Libre-Armonia-Lemaitre-768x1086.jpg 768w, https:\/\/www.lesuniversdarmonia.fr\/WP\/wp-content\/uploads\/2021\/02\/Article-Midi-Libre-Armonia-Lemaitre-1087x1536.jpg 1087w, https:\/\/www.lesuniversdarmonia.fr\/WP\/wp-content\/uploads\/2021\/02\/Article-Midi-Libre-Armonia-Lemaitre-1449x2048.jpg 1449w, https:\/\/www.lesuniversdarmonia.fr\/WP\/wp-content\/uploads\/2021\/02\/Article-Midi-Libre-Armonia-Lemaitre-42x60.jpg 42w, https:\/\/www.lesuniversdarmonia.fr\/WP\/wp-content\/uploads\/2021\/02\/Article-Midi-Libre-Armonia-Lemaitre.jpg 1654w\" sizes=\"(max-width: 724px) 100vw, 724px\" \/><\/figure>\n\n\n\n<figure class=\"wp-block-image size-large is-resized\"><a href=\"http:\/\/thau-infos.fr\/index.php\/commune\/frontignan\/97790-101e-musc-art-le-premier-de-2021-avec-armonia-lemaitre\" target=\"_blank\" rel=\"noopener\"><img width=\"610\" height=\"292\"  alt=\"\" class=\"wp-image-231 lws-optimize-lazyload\" style=\"width:841px;height:401px\"\/ data-src=\"https:\/\/www.lesuniversdarmonia.fr\/WP\/wp-content\/uploads\/2021\/02\/Interwiev-par-Thau-Info.png\" srcset=\"https:\/\/www.lesuniversdarmonia.fr\/WP\/wp-content\/uploads\/2021\/02\/Interwiev-par-Thau-Info.png 610w, https:\/\/www.lesuniversdarmonia.fr\/WP\/wp-content\/uploads\/2021\/02\/Interwiev-par-Thau-Info-300x144.png 300w, https:\/\/www.lesuniversdarmonia.fr\/WP\/wp-content\/uploads\/2021\/02\/Interwiev-par-Thau-Info-600x287.png 600w, https:\/\/www.lesuniversdarmonia.fr\/WP\/wp-content\/uploads\/2021\/02\/Interwiev-par-Thau-Info-125x60.png 125w\" sizes=\"(max-width: 610px) 100vw, 610px\" \/><\/a><figcaption class=\"wp-element-caption\">Cliquez sur l&rsquo;image pour lire l&rsquo;article<\/figcaption><\/figure>\n\n\n\n<figure class=\"wp-block-image size-large\"><a href=\"https:\/\/loptimisme.com\/armonia-transidentite\/\" target=\"_blank\" rel=\"noopener\"><img width=\"1024\" height=\"576\"  alt=\"\" class=\"wp-image-475 lws-optimize-lazyload\"\/ data-src=\"https:\/\/www.lesuniversdarmonia.fr\/WP\/wp-content\/uploads\/2021\/03\/166987197_2802249149993695_1082728876676288121_o-1024x576.jpg\" srcset=\"https:\/\/www.lesuniversdarmonia.fr\/WP\/wp-content\/uploads\/2021\/03\/166987197_2802249149993695_1082728876676288121_o-1024x576.jpg 1024w, https:\/\/www.lesuniversdarmonia.fr\/WP\/wp-content\/uploads\/2021\/03\/166987197_2802249149993695_1082728876676288121_o-300x169.jpg 300w, https:\/\/www.lesuniversdarmonia.fr\/WP\/wp-content\/uploads\/2021\/03\/166987197_2802249149993695_1082728876676288121_o-600x338.jpg 600w, https:\/\/www.lesuniversdarmonia.fr\/WP\/wp-content\/uploads\/2021\/03\/166987197_2802249149993695_1082728876676288121_o-768x432.jpg 768w, https:\/\/www.lesuniversdarmonia.fr\/WP\/wp-content\/uploads\/2021\/03\/166987197_2802249149993695_1082728876676288121_o-1536x864.jpg 1536w, https:\/\/www.lesuniversdarmonia.fr\/WP\/wp-content\/uploads\/2021\/03\/166987197_2802249149993695_1082728876676288121_o-107x60.jpg 107w, https:\/\/www.lesuniversdarmonia.fr\/WP\/wp-content\/uploads\/2021\/03\/166987197_2802249149993695_1082728876676288121_o-1320x743.jpg 1320w, https:\/\/www.lesuniversdarmonia.fr\/WP\/wp-content\/uploads\/2021\/03\/166987197_2802249149993695_1082728876676288121_o.jpg 1600w\" sizes=\"(max-width: 1024px) 100vw, 1024px\" \/><\/a><figcaption class=\"wp-element-caption\">Cliquez sur l&rsquo;image pour lire l&rsquo;article<\/figcaption><\/figure>\n\n\n\n<figure class=\"wp-block-image size-large\"><a href=\"https:\/\/www.facebook.com\/groups\/288560852144305\/permalink\/509002976766757\/\" target=\"_blank\" rel=\"noopener\"><img width=\"1024\" height=\"576\"  alt=\"\" class=\"wp-image-478 lws-optimize-lazyload\"\/ data-src=\"https:\/\/www.lesuniversdarmonia.fr\/WP\/wp-content\/uploads\/2021\/04\/gazette-Frontignan-la-Peyrade-1024x576.jpg\" srcset=\"https:\/\/www.lesuniversdarmonia.fr\/WP\/wp-content\/uploads\/2021\/04\/gazette-Frontignan-la-Peyrade-1024x576.jpg 1024w, https:\/\/www.lesuniversdarmonia.fr\/WP\/wp-content\/uploads\/2021\/04\/gazette-Frontignan-la-Peyrade-300x169.jpg 300w, https:\/\/www.lesuniversdarmonia.fr\/WP\/wp-content\/uploads\/2021\/04\/gazette-Frontignan-la-Peyrade-600x338.jpg 600w, https:\/\/www.lesuniversdarmonia.fr\/WP\/wp-content\/uploads\/2021\/04\/gazette-Frontignan-la-Peyrade-768x432.jpg 768w, https:\/\/www.lesuniversdarmonia.fr\/WP\/wp-content\/uploads\/2021\/04\/gazette-Frontignan-la-Peyrade-1536x864.jpg 1536w, https:\/\/www.lesuniversdarmonia.fr\/WP\/wp-content\/uploads\/2021\/04\/gazette-Frontignan-la-Peyrade-107x60.jpg 107w, https:\/\/www.lesuniversdarmonia.fr\/WP\/wp-content\/uploads\/2021\/04\/gazette-Frontignan-la-Peyrade-1320x743.jpg 1320w, https:\/\/www.lesuniversdarmonia.fr\/WP\/wp-content\/uploads\/2021\/04\/gazette-Frontignan-la-Peyrade.jpg 1600w\" sizes=\"(max-width: 1024px) 100vw, 1024px\" \/><\/a><figcaption class=\"wp-element-caption\">Cliquez sur l&rsquo;image pour lire l&rsquo;article<\/figcaption><\/figure>\n\n\n\n<figure class=\"wp-block-image size-full is-resized\"><a href=\"https:\/\/lesinguliersete.fr\/culture-portrait-armonia-lemaitre-une-auteure-setoise-qui-assume-sa-transition\/\"><img width=\"605\" height=\"340\"  alt=\"Portrait\" class=\"wp-image-584 lws-optimize-lazyload\" style=\"width:840px;height:472px\"\/ data-src=\"https:\/\/www.lesuniversdarmonia.fr\/WP\/wp-content\/uploads\/2021\/09\/Le-singulier.png\" srcset=\"https:\/\/www.lesuniversdarmonia.fr\/WP\/wp-content\/uploads\/2021\/09\/Le-singulier.png 605w, https:\/\/www.lesuniversdarmonia.fr\/WP\/wp-content\/uploads\/2021\/09\/Le-singulier-300x169.png 300w, https:\/\/www.lesuniversdarmonia.fr\/WP\/wp-content\/uploads\/2021\/09\/Le-singulier-600x337.png 600w, https:\/\/www.lesuniversdarmonia.fr\/WP\/wp-content\/uploads\/2021\/09\/Le-singulier-107x60.png 107w\" sizes=\"(max-width: 605px) 100vw, 605px\" \/><\/a><figcaption class=\"wp-element-caption\">Cliquez sur l&rsquo;image pour lire l&rsquo;article<\/figcaption><\/figure>\n\n\n\n<figure class=\"wp-block-image size-large\"><a href=\"http:\/\/thau-infos.fr\/index.php\/commune\/frontignan\/116555-le-musc-art-nouveau-arrive?fbclid=IwAR0UAPt2N7qjuS0TKlLeSicH-KQQXxOxgW6WoZbee5yzx0S-sWlL6JwSY_Q\"><img width=\"1024\" height=\"576\"  alt=\"\" class=\"wp-image-643 lws-optimize-lazyload\"\/ data-src=\"https:\/\/www.lesuniversdarmonia.fr\/WP\/wp-content\/uploads\/2021\/11\/Thau-info-Muscart-du-4-11-21-1024x576.png\" srcset=\"https:\/\/www.lesuniversdarmonia.fr\/WP\/wp-content\/uploads\/2021\/11\/Thau-info-Muscart-du-4-11-21-1024x576.png 1024w, https:\/\/www.lesuniversdarmonia.fr\/WP\/wp-content\/uploads\/2021\/11\/Thau-info-Muscart-du-4-11-21-300x169.png 300w, https:\/\/www.lesuniversdarmonia.fr\/WP\/wp-content\/uploads\/2021\/11\/Thau-info-Muscart-du-4-11-21-600x338.png 600w, https:\/\/www.lesuniversdarmonia.fr\/WP\/wp-content\/uploads\/2021\/11\/Thau-info-Muscart-du-4-11-21-768x432.png 768w, https:\/\/www.lesuniversdarmonia.fr\/WP\/wp-content\/uploads\/2021\/11\/Thau-info-Muscart-du-4-11-21-1536x864.png 1536w, https:\/\/www.lesuniversdarmonia.fr\/WP\/wp-content\/uploads\/2021\/11\/Thau-info-Muscart-du-4-11-21-107x60.png 107w, https:\/\/www.lesuniversdarmonia.fr\/WP\/wp-content\/uploads\/2021\/11\/Thau-info-Muscart-du-4-11-21-1320x743.png 1320w, https:\/\/www.lesuniversdarmonia.fr\/WP\/wp-content\/uploads\/2021\/11\/Thau-info-Muscart-du-4-11-21.png 1600w\" sizes=\"(max-width: 1024px) 100vw, 1024px\" \/><\/a><figcaption class=\"wp-element-caption\">Cliquez sur l&rsquo;image pour ouvrir le lien<\/figcaption><\/figure>\n\n\n\n<figure class=\"wp-block-image size-large\"><img width=\"768\" height=\"1024\"  alt=\"\" class=\"wp-image-758 lws-optimize-lazyload\"\/ data-src=\"https:\/\/www.lesuniversdarmonia.fr\/WP\/wp-content\/uploads\/2022\/03\/Capture-decran-.-2022-03-17-a-07.36.58-768x1024.jpg\" srcset=\"https:\/\/www.lesuniversdarmonia.fr\/WP\/wp-content\/uploads\/2022\/03\/Capture-decran-.-2022-03-17-a-07.36.58-768x1024.jpg 768w, https:\/\/www.lesuniversdarmonia.fr\/WP\/wp-content\/uploads\/2022\/03\/Capture-decran-.-2022-03-17-a-07.36.58-300x400.jpg 300w, https:\/\/www.lesuniversdarmonia.fr\/WP\/wp-content\/uploads\/2022\/03\/Capture-decran-.-2022-03-17-a-07.36.58-600x800.jpg 600w, https:\/\/www.lesuniversdarmonia.fr\/WP\/wp-content\/uploads\/2022\/03\/Capture-decran-.-2022-03-17-a-07.36.58-225x300.jpg 225w, https:\/\/www.lesuniversdarmonia.fr\/WP\/wp-content\/uploads\/2022\/03\/Capture-decran-.-2022-03-17-a-07.36.58-1152x1536.jpg 1152w, https:\/\/www.lesuniversdarmonia.fr\/WP\/wp-content\/uploads\/2022\/03\/Capture-decran-.-2022-03-17-a-07.36.58-45x60.jpg 45w, https:\/\/www.lesuniversdarmonia.fr\/WP\/wp-content\/uploads\/2022\/03\/Capture-decran-.-2022-03-17-a-07.36.58-1320x1760.jpg 1320w, https:\/\/www.lesuniversdarmonia.fr\/WP\/wp-content\/uploads\/2022\/03\/Capture-decran-.-2022-03-17-a-07.36.58.jpg 1536w\" sizes=\"(max-width: 768px) 100vw, 768px\" \/><figcaption class=\"wp-element-caption\">Article du Midi-Libre<\/figcaption><\/figure>\n","protected":false},"excerpt":{"rendered":"<p>Tous les articles de la presse r\u00e9gionale et nationale (on peu toujours r\u00eaver, pas vrai !) sur mon activit\u00e9 litt\u00e9raire.<\/p>\n","protected":false},"author":1,"featured_media":0,"parent":0,"menu_order":0,"comment_status":"closed","ping_status":"closed","template":"","meta":{"footnotes":""},"class_list":["post-206","page","type-page","status-publish","hentry"],"_links":{"self":[{"href":"https:\/\/www.lesuniversdarmonia.fr\/WP\/wp-json\/wp\/v2\/pages\/206","targetHints":{"allow":["GET"]}}],"collection":[{"href":"https:\/\/www.lesuniversdarmonia.fr\/WP\/wp-json\/wp\/v2\/pages"}],"about":[{"href":"https:\/\/www.lesuniversdarmonia.fr\/WP\/wp-json\/wp\/v2\/types\/page"}],"author":[{"embeddable":true,"href":"https:\/\/www.lesuniversdarmonia.fr\/WP\/wp-json\/wp\/v2\/users\/1"}],"replies":[{"embeddable":true,"href":"https:\/\/www.lesuniversdarmonia.fr\/WP\/wp-json\/wp\/v2\/comments?post=206"}],"version-history":[{"count":19,"href":"https:\/\/www.lesuniversdarmonia.fr\/WP\/wp-json\/wp\/v2\/pages\/206\/revisions"}],"predecessor-version":[{"id":1761,"href":"https:\/\/www.lesuniversdarmonia.fr\/WP\/wp-json\/wp\/v2\/pages\/206\/revisions\/1761"}],"wp:attachment":[{"href":"https:\/\/www.lesuniversdarmonia.fr\/WP\/wp-json\/wp\/v2\/media?parent=206"}],"curies":[{"name":"wp","href":"https:\/\/api.w.org\/{rel}","templated":true}]}}