{"id":20,"date":"2021-01-27T09:33:51","date_gmt":"2021-01-27T08:33:51","guid":{"rendered":"http:\/\/www.lesuniversdarmonia.fr\/WP\/?page_id=20"},"modified":"2024-11-13T08:05:23","modified_gmt":"2024-11-13T07:05:23","slug":"qui-suis-je","status":"publish","type":"page","link":"https:\/\/www.lesuniversdarmonia.fr\/WP\/qui-suis-je\/","title":{"rendered":"Qui suis-je ?"},"content":{"rendered":"\n<div class=\"wp-block-columns alignwide are-vertically-aligned-center is-style-twentytwentyone-columns-overlap is-layout-flex wp-container-core-columns-is-layout-9d6595d7 wp-block-columns-is-layout-flex\">\n<div class=\"wp-block-column is-vertically-aligned-center is-layout-flow wp-block-column-is-layout-flow\">\n<p>Je suis n\u00e9e en 1962 dans un corps qui ne correspondait pas \u00e0 mon genre intime, mais cela je ne le r\u00e9aliserai vraiment que bien plus tard.<\/p>\n\n\n\n<p>J&rsquo;ai v\u00e9cu alors une enfance et une adolescence difficile, non pas \u00e0 cause de mes parents tr\u00e8s aimants, trop peut-\u00eatre, mais parce que je n\u2019arrivais pas \u00e0 trouver ma place. <\/p>\n\n\n\n<p>Victime de profonds malaises et de terribles cauchemars, je me sentais inadapt\u00e9e, en d\u00e9calage total avec le r\u00f4le impos\u00e9 par mon entourage, la soci\u00e9t\u00e9, la morale. Je me suis longtemps crue folle. Pourtant, malgr\u00e9 toutes ces difficult\u00e9s, je rencontrais celle qui resta ma compagne pendant trente ans. Deux enfants naquirent de cette union.<\/p>\n\n\n\n<p>\u00c0 cinquante ans, ma vie bascula. Je me s\u00e9parai et gr\u00e2ce \u00e0 la rencontre d\u2019un homme, qui me r\u00e9v\u00e9la \u00e0 moi m\u00eame, j&rsquo;entamai un long parcours pour devenir la femme qui avait toujours \u00e9t\u00e9 en moi. Je me plongeai alors dans la r\u00e9daction d\u2019un roman racontant cette exp\u00e9rience de vie&nbsp;: \u00ab&nbsp;Je suis une poup\u00e9e gigogne&nbsp;\u00bb.<\/p>\n\n\n\n<p>Aujourd\u2019hui \u00e0 la retraite et install\u00e9e \u00e0 S\u00e8te avec mon mari, je peux m\u2019adonner \u00e0 mes passions : la lecture, la marche, la musique mais surtout celle qui prime sur toutes les autres : l\u2019\u00e9criture. Elle m&rsquo;est indispensable comme de respirer.<\/p>\n<\/div>\n<\/div>\n\n\n\n<div class=\"wp-block-columns alignwide are-vertically-aligned-top is-layout-flex wp-container-core-columns-is-layout-9d6595d7 wp-block-columns-is-layout-flex\">\n<div class=\"wp-block-column is-vertically-aligned-top is-layout-flow wp-block-column-is-layout-flow\"><\/div>\n<\/div>\n\n\n\n<p><\/p>\n","protected":false},"excerpt":{"rendered":"<p>Je suis n\u00e9e en 1962 dans un corps qui ne correspondait pas \u00e0 mon genre intime, mais cela je ne le r\u00e9aliserai vraiment que bien plus tard. J&rsquo;ai v\u00e9cu alors une enfance et une adolescence difficile, non pas \u00e0 cause de mes parents tr\u00e8s aimants, trop peut-\u00eatre, mais parce que je n\u2019arrivais pas \u00e0 trouver ma place. Victime de profonds malaises et de terribles cauchemars, je me sentais inadapt\u00e9e, en d\u00e9calage total avec le r\u00f4le impos\u00e9 par mon entourage, la soci\u00e9t\u00e9, la morale. Je me suis longtemps crue folle. Pourtant, malgr\u00e9 toutes ces difficult\u00e9s, je rencontrais celle qui resta ma &hellip; <\/p>\n","protected":false},"author":1,"featured_media":613,"parent":0,"menu_order":0,"comment_status":"closed","ping_status":"closed","template":"","meta":{"footnotes":""},"class_list":["post-20","page","type-page","status-publish","has-post-thumbnail","hentry"],"_links":{"self":[{"href":"https:\/\/www.lesuniversdarmonia.fr\/WP\/wp-json\/wp\/v2\/pages\/20","targetHints":{"allow":["GET"]}}],"collection":[{"href":"https:\/\/www.lesuniversdarmonia.fr\/WP\/wp-json\/wp\/v2\/pages"}],"about":[{"href":"https:\/\/www.lesuniversdarmonia.fr\/WP\/wp-json\/wp\/v2\/types\/page"}],"author":[{"embeddable":true,"href":"https:\/\/www.lesuniversdarmonia.fr\/WP\/wp-json\/wp\/v2\/users\/1"}],"replies":[{"embeddable":true,"href":"https:\/\/www.lesuniversdarmonia.fr\/WP\/wp-json\/wp\/v2\/comments?post=20"}],"version-history":[{"count":6,"href":"https:\/\/www.lesuniversdarmonia.fr\/WP\/wp-json\/wp\/v2\/pages\/20\/revisions"}],"predecessor-version":[{"id":146,"href":"https:\/\/www.lesuniversdarmonia.fr\/WP\/wp-json\/wp\/v2\/pages\/20\/revisions\/146"}],"wp:featuredmedia":[{"embeddable":true,"href":"https:\/\/www.lesuniversdarmonia.fr\/WP\/wp-json\/wp\/v2\/media\/613"}],"wp:attachment":[{"href":"https:\/\/www.lesuniversdarmonia.fr\/WP\/wp-json\/wp\/v2\/media?parent=20"}],"curies":[{"name":"wp","href":"https:\/\/api.w.org\/{rel}","templated":true}]}}