{"id":1473,"date":"2025-03-17T08:34:04","date_gmt":"2025-03-17T07:34:04","guid":{"rendered":"https:\/\/www.lesuniversdarmonia.fr\/WP\/?page_id=1473"},"modified":"2025-03-17T08:34:04","modified_gmt":"2025-03-17T07:34:04","slug":"conditions-generales-de-vente","status":"publish","type":"page","link":"https:\/\/www.lesuniversdarmonia.fr\/WP\/conditions-generales-de-vente\/","title":{"rendered":"Conditions g\u00e9n\u00e9rales de vente"},"content":{"rendered":"\n<h2 class=\"wp-block-heading\">Conforme \u00e0 la loi Hamon entr\u00e9e en vigueur le 14 juin 2014<\/h2>\n\n\n\n<p>N\u00b0 de Siret de l\u2019autoentreprise, <strong>Les univers d\u2019Armonia<\/strong>\u00a0:<\/p>\n\n\n\n<p>Site\u00a0: <a href=\"https:\/\/www.lesuniversdarmonia.fr\/WP\/\">https:\/\/www.lesuniversdarmonia.fr\/WP\/<\/a><\/p>\n\n\n\n<p>Date de derni\u00e8re mise \u00e0 jour 17\/03\/2025<\/p>\n\n\n\n<p><strong>Article 1 &#8211; Objet<\/strong><\/p>\n\n\n\n<p>Les pr\u00e9sentes conditions r\u00e9gissent les ventes par <strong>Les univers d\u2019Armonia<\/strong>, 319 Chemin de la Croix de Marcenac, R\u00e9s One Access, 34200 S\u00e8te. Cette autoentreprise met en vente des livres broch\u00e9s et num\u00e9riques sur son site de vente en ligne&nbsp;: Site&nbsp;: <a href=\"https:\/\/www.lesuniversdarmonia.fr\/WP\/\">https:\/\/www.lesuniversdarmonia.fr\/WP\/<\/a><\/p>\n\n\n\n<p><strong>Article 2 &#8211; Prix<\/strong><\/p>\n\n\n\n<p>Les prix de nos produits sont indiqu\u00e9s en euros toutes taxes comprises. L\u2019autoentreprise n\u2019\u00e9tant pas assujettie \u00e0 la TVA les prix affich\u00e9s sont r\u00e9put\u00e9s toutes taxes comprises.<\/p>\n\n\n\n<p>En cas de commande vers un pays autre que la France m\u00e9tropolitaine vous \u00eates l&rsquo;importateur du ou des produits concern\u00e9s. Des droits de douane ou autres taxes locales ou droits d&rsquo;importation ou taxes d&rsquo;\u00e9tat sont susceptibles d&rsquo;\u00eatre exigibles. Ces droits et sommes ne rel\u00e8vent pas du ressort de l\u2019autoentreprise&nbsp;: <strong>Les univers d\u2019Armonia<\/strong>. Ils seront \u00e0 votre charge et rel\u00e8vent de votre enti\u00e8re responsabilit\u00e9, tant en termes de d\u00e9clarations que de paiements aux autorit\u00e9s et organismes comp\u00e9tents de votre pays. Nous vous conseillons de vous renseigner sur ces aspects aupr\u00e8s de vos autorit\u00e9s locales.&nbsp;<\/p>\n\n\n\n<p>Toutes les commandes quelle que soit leur origine sont payables en euros. &nbsp;<\/p>\n\n\n\n<p>L\u2019autoentreprise <strong>Les univers d\u2019Armonia<\/strong> se r\u00e9serve le droit de modifier ses prix \u00e0 tout moment, mais le produit sera factur\u00e9 sur la base du tarif en vigueur au moment de la validation de la commande et sous r\u00e9serve de disponibilit\u00e9.&nbsp;<\/p>\n\n\n\n<p>Les produits demeurent la propri\u00e9t\u00e9 de l\u2019autoentreprise Les univers d\u2019Armonia (d\u00e9nomination sociale) jusqu&rsquo;au paiement complet du prix. &nbsp;<\/p>\n\n\n\n<p>Attention : d\u00e8s que vous prenez possession physiquement des produits command\u00e9s, les risques de perte ou d&rsquo;endommagement des produits vous sont transf\u00e9r\u00e9s.&nbsp;<\/p>\n\n\n\n<p><strong>Article 3 \u2013 Frais de port<\/strong><\/p>\n\n\n\n<p>Les frais de port sont \u00e0 la charge de l\u2019acheteur sur la base du tarif en vigueur au moment de la commande. La soci\u00e9t\u00e9&nbsp;<strong>Les univers d\u2019Armonia<\/strong> se r\u00e9serve le droit d\u2019effectuer des promotions qui seront indiqu\u00e9es sur la page d\u2019accueil du site&nbsp;: <a href=\"https:\/\/www.lesuniversdarmonia.fr\/WP\/\">https:\/\/www.lesuniversdarmonia.fr\/WP\/<\/a> et automatiquement calcul\u00e9es lors de la commande.<\/p>\n\n\n\n<p><strong>Article 4 &#8211; Commandes<\/strong><\/p>\n\n\n\n<p>Vous pouvez passer commande uniquement par l\u2019interm\u00e9diaire du Site&nbsp;: <a href=\"https:\/\/www.lesuniversdarmonia.fr\/WP\/\">https:\/\/www.lesuniversdarmonia.fr\/WP\/<\/a><\/p>\n\n\n\n<p>Les informations contractuelles sont pr\u00e9sent\u00e9es en langue fran\u00e7aise et feront l&rsquo;objet d&rsquo;une confirmation au plus tard au moment de la validation de votre commande. &nbsp;<\/p>\n\n\n\n<p>L\u2019autoentreprise <strong>Les univers d\u2019Armonia<\/strong> se r\u00e9serve le droit de ne pas enregistrer un paiement, et de ne pas confirmer une commande pour quelque raison que ce soit, et plus particuli\u00e8rement en cas de probl\u00e8me d&rsquo;approvisionnement, ou en cas de difficult\u00e9 concernant la commande re\u00e7ue.&nbsp;<\/p>\n\n\n\n<p><strong>Article 5 &#8211; Validation de votre commande<\/strong><\/p>\n\n\n\n<p>Toute commande figurant sur le site Internet <a href=\"https:\/\/www.lesuniversdarmonia.fr\/WP\/\">https:\/\/www.lesuniversdarmonia.fr\/WP\/<\/a> suppose l&rsquo;adh\u00e9sion aux pr\u00e9sentes Conditions G\u00e9n\u00e9rales. Toute confirmation de commande entra\u00eene votre adh\u00e9sion pleine et enti\u00e8re aux pr\u00e9sentes conditions g\u00e9n\u00e9rales de vente, sans exception ni r\u00e9serve. &nbsp;<\/p>\n\n\n\n<p>L&rsquo;ensemble des donn\u00e9es fournies et la confirmation enregistr\u00e9e vaudront preuve de la transaction.&nbsp;<\/p>\n\n\n\n<p>Vous d\u00e9clarez en avoir parfaite connaissance. &nbsp;<\/p>\n\n\n\n<p>La confirmation de commande vaudra signature et acceptation des op\u00e9rations effectu\u00e9es. &nbsp;<\/p>\n\n\n\n<p>Un r\u00e9capitulatif des informations de votre commande et des pr\u00e9sentes Conditions G\u00e9n\u00e9rales, vous sera communiqu\u00e9 en format PDF via <a href=\"mailto:armonia.lemaitre@gmail.com\">armonia.lemaitre@gmail.com<\/a>.<\/p>\n\n\n\n<p><strong>Article 6 &#8211; Paiement<\/strong><\/p>\n\n\n\n<p>Le fait de valider votre commande implique pour vous l&rsquo;obligation de payer le prix indiqu\u00e9. &nbsp;<\/p>\n\n\n\n<p>Le r\u00e8glement de vos achats s&rsquo;effectue par carte bancaire gr\u00e2ce au syst\u00e8me s\u00e9curis\u00e9 <strong>Stripe<\/strong><\/p>\n\n\n\n<p>Le d\u00e9bit de la carte n&rsquo;est effectu\u00e9 qu&rsquo;au moment de l&rsquo;exp\u00e9dition de la commande. En cas de livraisons fractionn\u00e9es, seuls les produits exp\u00e9di\u00e9s sont d\u00e9bit\u00e9s.&nbsp;<\/p>\n\n\n\n<p><strong>Article 7 &#8211; R\u00e9tractation<\/strong><\/p>\n\n\n\n<p>Conform\u00e9ment aux dispositions de l&rsquo;article L.121-21 du Code de la Consommation, vous disposez d&rsquo;un d\u00e9lai de r\u00e9tractation de 14 jours \u00e0 compter de la r\u00e9ception de vos produits pour exercer votre droit de r\u00e9traction sans avoir \u00e0 justifier de motifs ni \u00e0 payer de p\u00e9nalit\u00e9. &nbsp;<\/p>\n\n\n\n<p>Les retours sont \u00e0 effectuer dans leur \u00e9tat d&rsquo;origine et complets (emballage, accessoires, notice). Dans ce cadre, votre responsabilit\u00e9 est engag\u00e9e. Tout dommage subi par le produit \u00e0 cette occasion peut \u00eatre de nature \u00e0 faire \u00e9chec au droit de r\u00e9tractation.&nbsp;<\/p>\n\n\n\n<p>Les frais de retour sont \u00e0 votre charge.<\/p>\n\n\n\n<p>En cas d&rsquo;exercice du droit de r\u00e9tractation, l\u2019autoentreprise Les univers d\u2019Armonia proc\u00e9dera au remboursement des sommes vers\u00e9es, dans un d\u00e9lai de 14 jours suivant la notification de votre demande et via le m\u00eame moyen de paiement que celui utilis\u00e9 lors de la commande.&nbsp;<\/p>\n\n\n\n<p>EXCEPTIONS AU DROIT DE RETRACTATION &nbsp;<\/p>\n\n\n\n<p>Conform\u00e9ment aux dispositions de l&rsquo;article L.121-21-8 du Code de la Consommation, le droit de r\u00e9tractation ne s&rsquo;applique pas \u00e0 : &nbsp;<\/p>\n\n\n\n<ul class=\"wp-block-list\">\n<li>La fourniture de services pleinement ex\u00e9cut\u00e9s avant la fin du d\u00e9lai de r\u00e9tractation et dont l&rsquo;ex\u00e9cution a commenc\u00e9 apr\u00e8s accord pr\u00e9alable expr\u00e8s du consommateur et renoncement expr\u00e8s \u00e0 son droit de r\u00e9tractation.<\/li>\n\n\n\n<li>La fourniture de biens confectionn\u00e9s selon les sp\u00e9cifications du consommateur ou nettement personnalis\u00e9s.<\/li>\n\n\n\n<li>La fourniture d&rsquo;un contenu num\u00e9rique non fourni sur un support mat\u00e9riel dont l&rsquo;ex\u00e9cution a commenc\u00e9 apr\u00e8s accord pr\u00e9alable expr\u00e8s du consommateur et renoncement expr\u00e8s \u00e0 son droit de r\u00e9tractation.<\/li>\n\n\n\n<li>\u00a0<\/li>\n<\/ul>\n\n\n\n<p><strong>Article 8- Disponibilit\u00e9<\/strong><\/p>\n\n\n\n<p>Nos produits sont propos\u00e9s tant qu&rsquo;ils sont visibles sur le site <a href=\"https:\/\/www.lesuniversdarmonia.fr\/WP\/\">https:\/\/www.lesuniversdarmonia.fr\/WP\/<\/a> et dans la limite des stocks disponibles. Pour les produits non stock\u00e9s, nos offres sont valables sous r\u00e9serve de disponibilit\u00e9 chez nos fournisseurs.<br>En cas d&rsquo;indisponibilit\u00e9 de produit apr\u00e8s passation de votre commande, nous vous en informerons par mail. Votre commande sera automatiquement annul\u00e9e et aucun d\u00e9bit bancaire ne sera effectu\u00e9. &nbsp;<\/p>\n\n\n\n<p>En outre, le site Internet <a href=\"https:\/\/www.lesuniversdarmonia.fr\/WP\/\">https:\/\/www.lesuniversdarmonia.fr\/WP\/<\/a> n&rsquo;a pas vocation \u00e0 vendre ses produits en quantit\u00e9s importantes. Par cons\u00e9quent l\u2019autoentreprise <strong>Les univers d\u2019Armonia<\/strong> se r\u00e9serve le droit de refuser les commandes de plus de 5 articles identiques.&nbsp;<\/p>\n\n\n\n<p><strong>Article 9 &#8211; Livraison<\/strong><\/p>\n\n\n\n<p>Les produits sont livr\u00e9s \u00e0 l&rsquo;adresse de livraison indiqu\u00e9e au cours du processus de commande, dans le d\u00e9lai indiqu\u00e9 sur la page de validation de la commande.<\/p>\n\n\n\n<p>Les produits num\u00e9riques sont livr\u00e9s par l\u2019interm\u00e9diaire de l\u2019adresse \u00e9lectronique laiss\u00e9e par l\u2019acheteur. Dans ce cas la responsabilit\u00e9 de l\u2019autoentreprise <strong>Les univers d\u2019Armonia<\/strong> ne saurait \u00eatre engag\u00e9e pour tous les inconv\u00e9nients ou dommages inh\u00e9rents \u00e0 l&rsquo;utilisation du r\u00e9seau Internet, notamment une rupture de service, une intrusion ext\u00e9rieure ou la pr\u00e9sence de virus informatiques. (Cf Article 11)&nbsp;<\/p>\n\n\n\n<p>&nbsp;En cas de commande multiple, les produits sont livr\u00e9s en une seule fois dans le m\u00eame colis, les frais d\u2019exp\u00e9dition aff\u00e9rent au colis \u00e9tant \u00e0 votre charge.<\/p>\n\n\n\n<p>Les commandes effectu\u00e9es dans les communes de S\u00e8te et de Frontignan seront livr\u00e9es gratuitement \u00e0 domicile.<\/p>\n\n\n\n<p>Les acheteurs ont la possibilit\u00e9 de retirer leur commande aupr\u00e8s de l\u2019autoentreprise <strong>Les univers d\u2019Armonia <\/strong>en la contactant par l\u2019interm\u00e9diaire du courriel&nbsp;: <a href=\"mailto:armonia.lemaitre@gmail.com\">armonia.lemaitre@gmail.com<\/a>.<\/p>\n\n\n\n<p>En cas de retard d&rsquo;exp\u00e9dition, un mail vous sera adress\u00e9 pour vous informer d&rsquo;une \u00e9ventuelle cons\u00e9quence sur le d\u00e9lai de livraison qui vous a \u00e9t\u00e9 indiqu\u00e9. &nbsp;<\/p>\n\n\n\n<p>Conform\u00e9ment aux dispositions l\u00e9gales, en cas de retard de livraison, vous b\u00e9n\u00e9ficiez de la possibilit\u00e9 d&rsquo;annuler la commande dans les conditions et modalit\u00e9s d\u00e9finies \u00e0 l&rsquo;article L 138-2 du Code de la Consommation. Si entre temps vous recevez le produit nous proc\u00e9derons \u00e0 son remboursement et aux frais d&rsquo;acheminement dans les conditions de l&rsquo;article L 138-3 du Code de la Consommation.&nbsp;<\/p>\n\n\n\n<p>En cas de livraisons par une transporteur, l\u2019autoentreprise <strong>Les univers d\u2019Armonia<\/strong> ne peut \u00eatre tenue pour responsable de retard de livraison d\u00fb exclusivement \u00e0 une indisponibilit\u00e9 du client apr\u00e8s plusieurs propositions de rendez-vous.&nbsp;<\/p>\n\n\n\n<p><strong>Article 10 \u2013 Garantie<\/strong><\/p>\n\n\n\n<p>Tous nos produits b\u00e9n\u00e9ficient de la garantie l\u00e9gale de conformit\u00e9 et de la garantie des vices cach\u00e9s, pr\u00e9vues par les articles 1641 et suivants du Code civil. En cas de non-conformit\u00e9 d&rsquo;un produit vendu, il pourra \u00eatre retourn\u00e9, \u00e9chang\u00e9 ou rembours\u00e9. &nbsp;<\/p>\n\n\n\n<p>Toutes les r\u00e9clamations, demandes d&rsquo;\u00e9change ou de remboursement doivent s&rsquo;effectuer par mail \u00e0 l\u2019adresse&nbsp;: <a href=\"mailto:armonia.lemaitre@gmail.com\">armonia.lemaitre@gmail.com<\/a> dans le d\u00e9lai de 30 jours de la livraison. &nbsp;<\/p>\n\n\n\n<p>Les produits doivent nous \u00eatre retourn\u00e9s dans l&rsquo;\u00e9tat dans lequel vous les avez re\u00e7us avec l&rsquo;ensemble des \u00e9l\u00e9ments (accessoires, emballage, notice&#8230;). Les frais d&rsquo;envoi vous seront rembours\u00e9s sur la base du tarif factur\u00e9 et les frais de retour vous seront rembours\u00e9s sur pr\u00e9sentation des justificatifs.&nbsp;<\/p>\n\n\n\n<p>Les dispositions de cet Article ne vous emp\u00eachent pas de b\u00e9n\u00e9ficier du droit de r\u00e9tractation pr\u00e9vu \u00e0 l&rsquo;article 6.&nbsp;<\/p>\n\n\n\n<p><strong>Article 11 &#8211; Responsabilit\u00e9<\/strong><\/p>\n\n\n\n<p>Les produits propos\u00e9s sont conformes \u00e0 la l\u00e9gislation fran\u00e7aise en vigueur. La responsabilit\u00e9 de l\u2019autoentreprise <strong>Les univers d\u2019Armonia<\/strong> ne saurait \u00eatre engag\u00e9e en cas de non-respect de la l\u00e9gislation du pays o\u00f9 le produit est livr\u00e9. Il vous appartient de v\u00e9rifier aupr\u00e8s des autorit\u00e9s locales les possibilit\u00e9s d&rsquo;importation ou d&rsquo;utilisation des produits ou services que vous envisagez de commander.&nbsp;<\/p>\n\n\n\n<p>Par ailleurs, l\u2019autoentreprise <strong>Les univers d\u2019Armonia<\/strong> ne saurait \u00eatre tenue pour responsable des dommages r\u00e9sultant d&rsquo;une mauvaise utilisation du produit achet\u00e9.&nbsp;<\/p>\n\n\n\n<p>Enfin la responsabilit\u00e9 de l\u2019autoentreprise <strong>Les univers d\u2019Armonia<\/strong> ne saurait \u00eatre engag\u00e9e pour tous les inconv\u00e9nients ou dommages inh\u00e9rents \u00e0 l&rsquo;utilisation du r\u00e9seau Internet, notamment une rupture de service, une intrusion ext\u00e9rieure ou la pr\u00e9sence de virus informatiques.&nbsp;<\/p>\n\n\n\n<p><strong>Article 12 &#8211; Droit applicable en cas de litiges<\/strong><\/p>\n\n\n\n<p>La langue du pr\u00e9sent contrat est la langue fran\u00e7aise. Les pr\u00e9sentes conditions de vente sont soumises \u00e0 la loi fran\u00e7aise. En cas de litige, les tribunaux fran\u00e7ais seront les seuls comp\u00e9tents.&nbsp;<\/p>\n\n\n\n<p><strong>Article 13 &#8211; Propri\u00e9t\u00e9 intellectuelle<\/strong><\/p>\n\n\n\n<p>Tous les \u00e9l\u00e9ments du site <a href=\"https:\/\/www.lesuniversdarmonia.fr\/WP\/\">https:\/\/www.lesuniversdarmonia.fr\/WP\/<\/a> restent la propri\u00e9t\u00e9 intellectuelle et exclusive de l\u2019autoentreprise <strong>Les univers d\u2019Armonia<\/strong>. Nul n&rsquo;est autoris\u00e9 \u00e0 reproduire, exploiter, rediffuser, ou utiliser \u00e0 quelque titre que ce soit, m\u00eame partiellement, des \u00e9l\u00e9ments du site qu&rsquo;ils soient logiciels, visuels ou sonores. Tout lien simple ou par hypertexte est strictement interdit sans un accord \u00e9crit expr\u00e8s de l\u2019autoentreprise Les univers d\u2019Armonia &nbsp;<\/p>\n\n\n\n<p><strong>Article 14 &#8211; Donn\u00e9es personnelles<\/strong><\/p>\n\n\n\n<p>L\u2019autoentreprise <strong>les univers d\u2019Armonia<\/strong> se r\u00e9serve le droit de collecter les informations nominatives et les donn\u00e9es personnelles vous concernant. Elles sont n\u00e9cessaires \u00e0 la gestion de votre commande, ainsi qu&rsquo;\u00e0 l&rsquo;am\u00e9lioration des services et des informations que nous vous adressons. &nbsp;<\/p>\n\n\n\n<p>Elles peuvent aussi \u00eatre transmises aux autoentreprises qui contribuent \u00e0 ces relations, telles que celles charg\u00e9es de l&rsquo;ex\u00e9cution des services et commandes pour leur gestion, ex\u00e9cution, traitement et paiement. &nbsp;<\/p>\n\n\n\n<p>Ces informations et donn\u00e9es sont \u00e9galement conserv\u00e9es \u00e0 des fins de s\u00e9curit\u00e9, afin de respecter les obligations l\u00e9gales et r\u00e9glementaires. &nbsp;<\/p>\n\n\n\n<p>Conform\u00e9ment \u00e0 la loi du 6 janvier 1978, vous disposez d&rsquo;un droit d&rsquo;acc\u00e8s, de rectification et d&rsquo;opposition aux informations nominatives et aux donn\u00e9es personnelles vous concernant, directement sur le site Internet.&nbsp;<\/p>\n\n\n\n<p><strong>Article 15 &#8211; Archivage Preuve<\/strong><\/p>\n\n\n\n<p>L\u2019autoentreprise <strong>Les univers d\u2019Armonia<\/strong> archivera les bons de commandes et les factures sur un support fiable et durable constituant une copie fid\u00e8le conform\u00e9ment aux dispositions de l&rsquo;article 1348 du Code civil. &nbsp;<\/p>\n","protected":false},"excerpt":{"rendered":"<p>Conforme \u00e0 la loi Hamon entr\u00e9e en vigueur le 14 juin 2014 N\u00b0 de Siret de l\u2019autoentreprise, Les univers d\u2019Armonia\u00a0: Site\u00a0: https:\/\/www.lesuniversdarmonia.fr\/WP\/ Date de derni\u00e8re mise \u00e0 jour 17\/03\/2025 Article 1 &#8211; Objet Les pr\u00e9sentes conditions r\u00e9gissent les ventes par Les univers d\u2019Armonia, 319 Chemin de la Croix de Marcenac, R\u00e9s One Access, 34200 S\u00e8te. Cette autoentreprise met en vente des livres broch\u00e9s et num\u00e9riques sur son site de vente en ligne&nbsp;: Site&nbsp;: https:\/\/www.lesuniversdarmonia.fr\/WP\/ Article 2 &#8211; Prix Les prix de nos produits sont indiqu\u00e9s en euros toutes taxes comprises. L\u2019autoentreprise n\u2019\u00e9tant pas assujettie \u00e0 la TVA les prix affich\u00e9s &hellip; <\/p>\n","protected":false},"author":1,"featured_media":0,"parent":0,"menu_order":0,"comment_status":"closed","ping_status":"closed","template":"","meta":{"footnotes":""},"class_list":["post-1473","page","type-page","status-publish","hentry"],"_links":{"self":[{"href":"https:\/\/www.lesuniversdarmonia.fr\/WP\/wp-json\/wp\/v2\/pages\/1473","targetHints":{"allow":["GET"]}}],"collection":[{"href":"https:\/\/www.lesuniversdarmonia.fr\/WP\/wp-json\/wp\/v2\/pages"}],"about":[{"href":"https:\/\/www.lesuniversdarmonia.fr\/WP\/wp-json\/wp\/v2\/types\/page"}],"author":[{"embeddable":true,"href":"https:\/\/www.lesuniversdarmonia.fr\/WP\/wp-json\/wp\/v2\/users\/1"}],"replies":[{"embeddable":true,"href":"https:\/\/www.lesuniversdarmonia.fr\/WP\/wp-json\/wp\/v2\/comments?post=1473"}],"version-history":[{"count":1,"href":"https:\/\/www.lesuniversdarmonia.fr\/WP\/wp-json\/wp\/v2\/pages\/1473\/revisions"}],"predecessor-version":[{"id":1474,"href":"https:\/\/www.lesuniversdarmonia.fr\/WP\/wp-json\/wp\/v2\/pages\/1473\/revisions\/1474"}],"wp:attachment":[{"href":"https:\/\/www.lesuniversdarmonia.fr\/WP\/wp-json\/wp\/v2\/media?parent=1473"}],"curies":[{"name":"wp","href":"https:\/\/api.w.org\/{rel}","templated":true}]}}