{"id":147,"date":"2021-02-21T17:14:50","date_gmt":"2021-02-21T16:14:50","guid":{"rendered":"http:\/\/www.lesuniversdarmonia.fr\/WP\/?page_id=147"},"modified":"2026-04-16T10:38:44","modified_gmt":"2026-04-16T08:38:44","slug":"ou-trouver-mes-livres","status":"publish","type":"page","link":"https:\/\/www.lesuniversdarmonia.fr\/WP\/actualite\/ou-trouver-mes-livres\/","title":{"rendered":"O\u00f9 trouver mes livres ?"},"content":{"rendered":"\n<p><strong>Si vous \u00eates attach\u00e9 \u00e0 votre librairie de quartier et souhaitez la soutenir<\/strong>. <\/p>\n\n\n\n<p>Tous mes ouvrages peuvent \u00eatre command\u00e9s chez votre diffuseur pr\u00e9f\u00e9r\u00e9.<\/p>\n\n\n\n<p>Vous pouvez utiliser ce lien et r\u00e9cup\u00e9rer votre livre \u00e0 la boutique de votre libraire : <a href=\"https:\/\/www.leslibraires.fr\/recherche\/?q=armonia+lemaitre\">https:\/\/www.leslibraires.fr\/recherche\/?q=armonia+lemaitre<\/a><\/p>\n\n\n\n<p><strong>Si vous pr\u00e9f\u00e9rez recevoir vos commandes chez vous et souhaitez une d\u00e9dicace. Utilisez ma boutique<\/strong> : <a href=\"https:\/\/www.lesuniversdarmonia.fr\/WP\/boutique\/\">https:\/\/www.lesuniversdarmonia.fr\/WP\/boutique\/<\/a><\/p>\n\n\n\n<p>Si vous pr\u00e9f\u00e9r\u00e9 une version num\u00e9rique, vous pouvez aussi effectuer un t\u00e9l\u00e9chargement \u00e0 partir de ma boutique : <\/p>\n\n\n\n<p><a href=\"https:\/\/www.lesuniversdarmonia.fr\/WP\/categorie-produit\/livre-epub\">https:\/\/www.lesuniversdarmonia.fr\/WP\/categorie-produit\/livre-epub<\/a><\/p>\n\n\n\n<p><a href=\"https:\/\/www.lesuniversdarmonia.fr\/WP\/categorie-produit\/livre-kindle\">https:\/\/www.lesuniversdarmonia.fr\/WP\/categorie-produit\/livre-kindle<\/a><\/p>\n\n\n\n<p class=\"has-small-font-size\">(Pour enregistrer le fichier sur votre liseuse, branchez la sur votre PC et copiez le fichier dans le r\u00e9pertoire de votre liseuse. En cas de difficult\u00e9, vous pouvez me joindre sur : contact@lesuniversdarmonia.fr)<\/p>\n\n\n\n<p>Vous pouvez aussi utiliser :<\/p>\n\n\n\n<p><strong><a href=\"https:\/\/www.kobo.com\/fr\/fr\/search?query=armonia%20lemaitre&amp;ac=1&amp;acp=armonia%20lemaitre&amp;ac.author=armonia%20lemaitre&amp;sort=Temperature\" target=\"_blank\" rel=\"noreferrer noopener\">Liseuse KOBO<\/a><\/strong><\/p>\n\n\n\n<p>Faites une recherche \u00e0 partir de votre liseuse et effectuer la commande<\/p>\n\n\n\n<p><strong><a href=\"https:\/\/www.amazon.fr\/Armonia-Lema%C3%AEtre\/e\/B0BLBS3CLK\/ref=dp_byline_cont_pop_ebooks_1\" target=\"_blank\" rel=\"noreferrer noopener\">Liseuse Kindle<\/a><\/strong><\/p>\n\n\n\n<p>Faites une recherche \u00e0 partir de votre liseuse et effectuer la commande<\/p>\n\n\n\n<p><\/p>\n\n\n\n<p><\/p>\n\n\n\n<div class=\"wp-block-buttons is-layout-flex wp-block-buttons-is-layout-flex\"><\/div>\n\n\n\n<p><\/p>\n","protected":false},"excerpt":{"rendered":"<p>Tous les chemins pour trouver mes livres !<\/p>\n","protected":false},"author":1,"featured_media":0,"parent":216,"menu_order":1,"comment_status":"closed","ping_status":"closed","template":"","meta":{"footnotes":""},"class_list":["post-147","page","type-page","status-publish","hentry"],"_links":{"self":[{"href":"https:\/\/www.lesuniversdarmonia.fr\/WP\/wp-json\/wp\/v2\/pages\/147","targetHints":{"allow":["GET"]}}],"collection":[{"href":"https:\/\/www.lesuniversdarmonia.fr\/WP\/wp-json\/wp\/v2\/pages"}],"about":[{"href":"https:\/\/www.lesuniversdarmonia.fr\/WP\/wp-json\/wp\/v2\/types\/page"}],"author":[{"embeddable":true,"href":"https:\/\/www.lesuniversdarmonia.fr\/WP\/wp-json\/wp\/v2\/users\/1"}],"replies":[{"embeddable":true,"href":"https:\/\/www.lesuniversdarmonia.fr\/WP\/wp-json\/wp\/v2\/comments?post=147"}],"version-history":[{"count":53,"href":"https:\/\/www.lesuniversdarmonia.fr\/WP\/wp-json\/wp\/v2\/pages\/147\/revisions"}],"predecessor-version":[{"id":1718,"href":"https:\/\/www.lesuniversdarmonia.fr\/WP\/wp-json\/wp\/v2\/pages\/147\/revisions\/1718"}],"up":[{"embeddable":true,"href":"https:\/\/www.lesuniversdarmonia.fr\/WP\/wp-json\/wp\/v2\/pages\/216"}],"wp:attachment":[{"href":"https:\/\/www.lesuniversdarmonia.fr\/WP\/wp-json\/wp\/v2\/media?parent=147"}],"curies":[{"name":"wp","href":"https:\/\/api.w.org\/{rel}","templated":true}]}}