{"id":1297,"date":"2025-03-06T15:23:33","date_gmt":"2025-03-06T14:23:33","guid":{"rendered":"https:\/\/www.lesuniversdarmonia.fr\/WP\/?page_id=1297"},"modified":"2025-12-26T17:23:16","modified_gmt":"2025-12-26T16:23:16","slug":"100-expressions-francaises-les-animaux","status":"publish","type":"page","link":"https:\/\/www.lesuniversdarmonia.fr\/WP\/100-expressions-francaises-les-animaux\/","title":{"rendered":"100 expressions fran\u00e7aises &#8211; Les animaux"},"content":{"rendered":"\n<p><strong>Armonia Lema\u00eetre revient, avec ce nouveau recueil sur les expressions fran\u00e7aises, consacr\u00e9 aux animaux. Elle nous offre, encore une fois, 100 locutions dont elle a soigneusement d\u00e9crypt\u00e9, pour chacune d\u2019elles, la signification et l\u2019origine. Toutes sont suivies d\u2019une citation et de deux traductions.<\/strong><\/p>\n\n\n\n<p><strong>Dans cet opuscule, elle nous gratifie de textes introduisant chaque classe d\u2019animal. Elle y \u00e9voque, pour notre plus grand plaisir, des souvenirs d\u2019enfance, des anecdotes ou d\u00e9veloppe des id\u00e9es qui lui tiennent \u00e0 c\u0153ur et qui s\u2019av\u00e8rent toujours int\u00e9ressantes, parfois impertinentes.<\/strong><\/p>\n\n\n\n<p><strong>Avec ce petit livre r\u00e9jouissant, Armonia Lema\u00eetre partage avec bonheur sa passion pour la langue fran\u00e7aise et sa riche histoire.<\/strong><\/p>\n\n\n\n<figure class=\"wp-block-image size-large\"><img width=\"813\" height=\"1024\"  alt=\"\" class=\"wp-image-1298 lws-optimize-lazyload\"\/ data-src=\"https:\/\/www.lesuniversdarmonia.fr\/WP\/wp-content\/uploads\/2025\/03\/Couverture-RS-813x1024.png\" srcset=\"https:\/\/www.lesuniversdarmonia.fr\/WP\/wp-content\/uploads\/2025\/03\/Couverture-RS-813x1024.png 813w, https:\/\/www.lesuniversdarmonia.fr\/WP\/wp-content\/uploads\/2025\/03\/Couverture-RS-300x378.png 300w, https:\/\/www.lesuniversdarmonia.fr\/WP\/wp-content\/uploads\/2025\/03\/Couverture-RS-600x756.png 600w, https:\/\/www.lesuniversdarmonia.fr\/WP\/wp-content\/uploads\/2025\/03\/Couverture-RS-238x300.png 238w, https:\/\/www.lesuniversdarmonia.fr\/WP\/wp-content\/uploads\/2025\/03\/Couverture-RS-768x967.png 768w, https:\/\/www.lesuniversdarmonia.fr\/WP\/wp-content\/uploads\/2025\/03\/Couverture-RS-1220x1536.png 1220w, https:\/\/www.lesuniversdarmonia.fr\/WP\/wp-content\/uploads\/2025\/03\/Couverture-RS-48x60.png 48w, https:\/\/www.lesuniversdarmonia.fr\/WP\/wp-content\/uploads\/2025\/03\/Couverture-RS-1320x1662.png 1320w, https:\/\/www.lesuniversdarmonia.fr\/WP\/wp-content\/uploads\/2025\/03\/Couverture-RS.png 1588w\" sizes=\"(max-width: 813px) 100vw, 813px\" \/><\/figure>\n\n\n\n<div class=\"wp-block-buttons is-layout-flex wp-block-buttons-is-layout-flex\">\n<div class=\"wp-block-button\"><a class=\"wp-block-button__link wp-element-button\" href=\"https:\/\/www.lesuniversdarmonia.fr\/WP\/produit\/les-kesakos-darmonia-100-expressions-francaises\/\">Commande<\/a><\/div>\n<\/div>\n\n\n\n<p><strong>Lire un extrait :<\/strong><\/p>\n\n\n<a href=\"https:\/\/www.lesuniversdarmonia.fr\/WP\/wp-content\/uploads\/2025\/12\/100-expressions-francaises-animaux.pdf\" class=\"pdfemb-viewer\" style=\"\" data-width=\"max\" data-height=\"max\" data-toolbar=\"top\" data-toolbar-fixed=\"off\">100-expressions-francaises-animaux<\/a>","protected":false},"excerpt":{"rendered":"<p>Armonia Lema\u00eetre revient, avec ce nouveau recueil sur les expressions fran\u00e7aises, consacr\u00e9 aux animaux. Elle nous offre, encore une fois, 100 locutions dont elle a soigneusement d\u00e9crypt\u00e9, pour chacune d\u2019elles, la signification et l\u2019origine. Toutes sont suivies d\u2019une citation et de deux traductions. Dans cet opuscule, elle nous gratifie de textes introduisant chaque classe d\u2019animal. Elle y \u00e9voque, pour notre plus grand plaisir, des souvenirs d\u2019enfance, des anecdotes ou d\u00e9veloppe des id\u00e9es qui lui tiennent \u00e0 c\u0153ur et qui s\u2019av\u00e8rent toujours int\u00e9ressantes, parfois impertinentes. Avec ce petit livre r\u00e9jouissant, Armonia Lema\u00eetre partage avec bonheur sa passion pour la langue fran\u00e7aise &hellip; <\/p>\n","protected":false},"author":1,"featured_media":0,"parent":0,"menu_order":0,"comment_status":"closed","ping_status":"closed","template":"","meta":{"footnotes":""},"class_list":["post-1297","page","type-page","status-publish","hentry"],"_links":{"self":[{"href":"https:\/\/www.lesuniversdarmonia.fr\/WP\/wp-json\/wp\/v2\/pages\/1297","targetHints":{"allow":["GET"]}}],"collection":[{"href":"https:\/\/www.lesuniversdarmonia.fr\/WP\/wp-json\/wp\/v2\/pages"}],"about":[{"href":"https:\/\/www.lesuniversdarmonia.fr\/WP\/wp-json\/wp\/v2\/types\/page"}],"author":[{"embeddable":true,"href":"https:\/\/www.lesuniversdarmonia.fr\/WP\/wp-json\/wp\/v2\/users\/1"}],"replies":[{"embeddable":true,"href":"https:\/\/www.lesuniversdarmonia.fr\/WP\/wp-json\/wp\/v2\/comments?post=1297"}],"version-history":[{"count":11,"href":"https:\/\/www.lesuniversdarmonia.fr\/WP\/wp-json\/wp\/v2\/pages\/1297\/revisions"}],"predecessor-version":[{"id":1702,"href":"https:\/\/www.lesuniversdarmonia.fr\/WP\/wp-json\/wp\/v2\/pages\/1297\/revisions\/1702"}],"wp:attachment":[{"href":"https:\/\/www.lesuniversdarmonia.fr\/WP\/wp-json\/wp\/v2\/media?parent=1297"}],"curies":[{"name":"wp","href":"https:\/\/api.w.org\/{rel}","templated":true}]}}