{"id":1178,"date":"2024-02-28T15:20:25","date_gmt":"2024-02-28T14:20:25","guid":{"rendered":"https:\/\/www.lesuniversdarmonia.fr\/WP\/?page_id=1178"},"modified":"2025-12-26T11:31:20","modified_gmt":"2025-12-26T10:31:20","slug":"les-kesakos-darmonia-100-expressions-francaises","status":"publish","type":"page","link":"https:\/\/www.lesuniversdarmonia.fr\/WP\/les-kesakos-darmonia-100-expressions-francaises\/","title":{"rendered":"100 expressions fran\u00e7aises"},"content":{"rendered":"\n<p><strong>La langue fran\u00e7aise compte plus de 10 000 expressions et locutions. <\/strong><\/p>\n\n\n\n<p><strong>Une richesse incroyable ! <\/strong><\/p>\n\n\n\n<p><strong>Dans ce recueil, Armonia Lema\u00eetre nous offre une galerie de portraits passionnants.<\/strong><\/p>\n\n\n\n<p><strong>Agr\u00e9ment\u00e9 d\u2019anecdotes, de r\u00e9flexions, de parenth\u00e8ses qui toutes s\u2019inspirent de ces curiosit\u00e9s de la langue fran\u00e7aise, ce recueil d\u00e9crit les origines parfois \u00e9tonnantes, les significations de ces expressions que nous employons couramment, sans les conna\u00eetre vraiment. <\/strong><\/p>\n\n\n\n<p><strong>Elle nous offre, pour chacune d\u2019elle, une citation et quelques traductions savoureuses. <\/strong><\/p>\n\n\n\n<p><strong>Un opuscule qui int\u00e9ressera tous les passionn\u00e9s des mots et ceux avides de connaissances et de d\u00e9couvertes.<\/strong><\/p>\n\n\n\n<figure class=\"wp-block-image size-large\"><img width=\"1024\" height=\"611\"  alt=\"\" class=\"wp-image-1562 lws-optimize-lazyload\"\/ data-src=\"https:\/\/www.lesuniversdarmonia.fr\/WP\/wp-content\/uploads\/2025\/11\/100-expressions-francaises-nouvelle-edition-1024x611.jpg\" srcset=\"https:\/\/www.lesuniversdarmonia.fr\/WP\/wp-content\/uploads\/2025\/11\/100-expressions-francaises-nouvelle-edition-1024x611.jpg 1024w, https:\/\/www.lesuniversdarmonia.fr\/WP\/wp-content\/uploads\/2025\/11\/100-expressions-francaises-nouvelle-edition-300x179.jpg 300w, https:\/\/www.lesuniversdarmonia.fr\/WP\/wp-content\/uploads\/2025\/11\/100-expressions-francaises-nouvelle-edition-768x458.jpg 768w, https:\/\/www.lesuniversdarmonia.fr\/WP\/wp-content\/uploads\/2025\/11\/100-expressions-francaises-nouvelle-edition-1536x916.jpg 1536w, https:\/\/www.lesuniversdarmonia.fr\/WP\/wp-content\/uploads\/2025\/11\/100-expressions-francaises-nouvelle-edition-101x60.jpg 101w, https:\/\/www.lesuniversdarmonia.fr\/WP\/wp-content\/uploads\/2025\/11\/100-expressions-francaises-nouvelle-edition-1320x787.jpg 1320w, https:\/\/www.lesuniversdarmonia.fr\/WP\/wp-content\/uploads\/2025\/11\/100-expressions-francaises-nouvelle-edition-600x358.jpg 600w, https:\/\/www.lesuniversdarmonia.fr\/WP\/wp-content\/uploads\/2025\/11\/100-expressions-francaises-nouvelle-edition.jpg 2000w\" sizes=\"(max-width: 1024px) 100vw, 1024px\" \/><\/figure>\n\n\n\n<div class=\"wp-block-buttons is-layout-flex wp-block-buttons-is-layout-flex\">\n<div class=\"wp-block-button\"><a class=\"wp-block-button__link wp-element-button\" href=\"https:\/\/www.lesuniversdarmonia.fr\/WP\/produit\/les-kesakos-darmonia-100-expressions-francaises\/\" target=\"_blank\" rel=\"noreferrer noopener\">Commander<\/a><\/div>\n<\/div>\n\n\n\n<p><strong>Lire un extrait :<\/strong><\/p>\n\n\n<a href=\"https:\/\/www.lesuniversdarmonia.fr\/WP\/wp-content\/uploads\/2025\/12\/Extrait-kesako-expressions-francaise.pdf\" class=\"pdfemb-viewer\" style=\"\" data-width=\"max\" data-height=\"max\" data-toolbar=\"top\" data-toolbar-fixed=\"off\">Extrait-kesako-expressions-francaise<\/a>\n\n\n<p><\/p>\n","protected":false},"excerpt":{"rendered":"<p>La langue fran\u00e7aise compte plus de 10 000 expressions et locutions. Une richesse incroyable ! Dans ce recueil, Armonia Lema\u00eetre nous offre une galerie de portraits passionnants. Agr\u00e9ment\u00e9 d\u2019anecdotes, de r\u00e9flexions, de parenth\u00e8ses qui toutes s\u2019inspirent de ces curiosit\u00e9s de la langue fran\u00e7aise, ce recueil d\u00e9crit les origines parfois \u00e9tonnantes, les significations de ces expressions que nous employons couramment, sans les conna\u00eetre vraiment. Elle nous offre, pour chacune d\u2019elle, une citation et quelques traductions savoureuses. Un opuscule qui int\u00e9ressera tous les passionn\u00e9s des mots et ceux avides de connaissances et de d\u00e9couvertes. Lire un extrait :<\/p>\n","protected":false},"author":1,"featured_media":0,"parent":0,"menu_order":0,"comment_status":"closed","ping_status":"closed","template":"","meta":{"footnotes":""},"class_list":["post-1178","page","type-page","status-publish","hentry"],"_links":{"self":[{"href":"https:\/\/www.lesuniversdarmonia.fr\/WP\/wp-json\/wp\/v2\/pages\/1178","targetHints":{"allow":["GET"]}}],"collection":[{"href":"https:\/\/www.lesuniversdarmonia.fr\/WP\/wp-json\/wp\/v2\/pages"}],"about":[{"href":"https:\/\/www.lesuniversdarmonia.fr\/WP\/wp-json\/wp\/v2\/types\/page"}],"author":[{"embeddable":true,"href":"https:\/\/www.lesuniversdarmonia.fr\/WP\/wp-json\/wp\/v2\/users\/1"}],"replies":[{"embeddable":true,"href":"https:\/\/www.lesuniversdarmonia.fr\/WP\/wp-json\/wp\/v2\/comments?post=1178"}],"version-history":[{"count":27,"href":"https:\/\/www.lesuniversdarmonia.fr\/WP\/wp-json\/wp\/v2\/pages\/1178\/revisions"}],"predecessor-version":[{"id":1685,"href":"https:\/\/www.lesuniversdarmonia.fr\/WP\/wp-json\/wp\/v2\/pages\/1178\/revisions\/1685"}],"wp:attachment":[{"href":"https:\/\/www.lesuniversdarmonia.fr\/WP\/wp-json\/wp\/v2\/media?parent=1178"}],"curies":[{"name":"wp","href":"https:\/\/api.w.org\/{rel}","templated":true}]}}