{"id":1085,"date":"2023-07-25T10:35:33","date_gmt":"2023-07-25T08:35:33","guid":{"rendered":"https:\/\/www.lesuniversdarmonia.fr\/WP\/?page_id=1085"},"modified":"2025-12-26T17:23:49","modified_gmt":"2025-12-26T16:23:49","slug":"je-suis-une-poupee-gigogne-lintegrale","status":"publish","type":"page","link":"https:\/\/www.lesuniversdarmonia.fr\/WP\/je-suis-une-poupee-gigogne-lintegrale\/","title":{"rendered":"Je suis une poup\u00e9e gigogne &#8211; l&rsquo;int\u00e9grale"},"content":{"rendered":"\n<p><strong>Un r\u00e9cit poignant et profond<\/strong><strong>\u2009<\/strong><strong>!<\/strong><\/p>\n\n\n\n<p>Enfant, Armonia se sait d\u00e9j\u00e0 diff\u00e9rente. N\u00e9e dans un corps qui n\u2019est pas le sien, elle est confront\u00e9e \u00e0 des phobies incontr\u00f4lables, des cauchemars, terrifi\u00e9e par ce qu\u2019elle sent en elle&nbsp;: une identit\u00e9 qu\u2019elle ne comprend pas. Mais le carcan de la soci\u00e9t\u00e9, ainsi que son \u00e9ducation, l\u2019emp\u00eachent de mettre des mots sur son mal-\u00eatre. Elle se r\u00e9fugie alors dans une existence normale, tentant par tous les moyens de renier qui elle est vraiment. \u00c0 cinquante ans, sa vie bascule, Armonia d\u00e9bute sa transition.<\/p>\n\n\n\n<p>Dans le premier tome, elle nous parle des p\u00e9rip\u00e9ties de son parcours : les difficult\u00e9s qu\u2019elle affronte, les anecdotes parfois hilarantes, souvent tragiques, les personnes qui l\u2019ont aid\u00e9e ou sont venues contrecarrer son \u00e9volution, et enfin, l\u2019accomplissement lorsqu\u2019elle devient une femme \u00e0 part enti\u00e8re.<\/p>\n\n\n\n<p>Dans le second opus, elle raconte le harc\u00e8lement et les manipulations qu\u2019elle a subis au cours de son enfance et pendant sa carri\u00e8re professionnelle, son service militaire et ses d\u00e9boires lors de ses engagements politiques et syndicaux.<\/p>\n\n\n\n<p>Elle aborde des probl\u00e9matiques passionnantes&nbsp;: l\u2019acceptation de son pass\u00e9 d\u2019homme, la recherche de sa s\u0153ur et le deuil p\u00e9rinatal de sa m\u00e8re, la trahison des organisations dans lesquelles elle milita pendant des d\u00e9cennies, ses relations avec son ex-compagne, la rupture avec son fils, l\u2019amiti\u00e9, l\u2019inclusion, l\u2019esth\u00e9tique, la foi. Ce qu\u2019ont pu lui apporter l\u2019\u00e9criture et le th\u00e9\u00e2tre.<\/p>\n\n\n\n<figure class=\"wp-block-image size-large\"><img width=\"703\" height=\"1024\"  alt=\"\" class=\"wp-image-1086 lws-optimize-lazyload\"\/ data-src=\"https:\/\/www.lesuniversdarmonia.fr\/WP\/wp-content\/uploads\/2023\/07\/Poupee_Gigogne_INTEGRALE_V02_Une-703x1024.jpg\" srcset=\"https:\/\/www.lesuniversdarmonia.fr\/WP\/wp-content\/uploads\/2023\/07\/Poupee_Gigogne_INTEGRALE_V02_Une-703x1024.jpg 703w, https:\/\/www.lesuniversdarmonia.fr\/WP\/wp-content\/uploads\/2023\/07\/Poupee_Gigogne_INTEGRALE_V02_Une-300x437.jpg 300w, https:\/\/www.lesuniversdarmonia.fr\/WP\/wp-content\/uploads\/2023\/07\/Poupee_Gigogne_INTEGRALE_V02_Une-600x874.jpg 600w, https:\/\/www.lesuniversdarmonia.fr\/WP\/wp-content\/uploads\/2023\/07\/Poupee_Gigogne_INTEGRALE_V02_Une-206x300.jpg 206w, https:\/\/www.lesuniversdarmonia.fr\/WP\/wp-content\/uploads\/2023\/07\/Poupee_Gigogne_INTEGRALE_V02_Une-768x1119.jpg 768w, https:\/\/www.lesuniversdarmonia.fr\/WP\/wp-content\/uploads\/2023\/07\/Poupee_Gigogne_INTEGRALE_V02_Une-41x60.jpg 41w, https:\/\/www.lesuniversdarmonia.fr\/WP\/wp-content\/uploads\/2023\/07\/Poupee_Gigogne_INTEGRALE_V02_Une.jpg 876w\" sizes=\"(max-width: 703px) 100vw, 703px\" \/><\/figure>\n\n\n\n<div class=\"wp-block-buttons is-layout-flex wp-block-buttons-is-layout-flex\">\n<div class=\"wp-block-button\"><a class=\"wp-block-button__link wp-element-button\" href=\"https:\/\/lesuniversdarmonia.eproshopping.fr\/1866391-Je-suis-une-poupee-gigogne-l-integrale\" target=\"_blank\" rel=\"noreferrer noopener\">Commander ce livre<\/a><\/div>\n<\/div>\n\n\n\n<p><strong>Lire un extrait :<\/strong><\/p>\n\n\n<a href=\"https:\/\/www.lesuniversdarmonia.fr\/WP\/wp-content\/uploads\/2025\/12\/Extrait-de-Je-suis-une-poupee-gigogne-lintegrale.pdf\" class=\"pdfemb-viewer\" style=\"\" data-width=\"max\" data-height=\"max\" data-toolbar=\"top\" data-toolbar-fixed=\"off\">Extrait-de-Je-suis-une-poupee-gigogne-lintegrale<\/a>","protected":false},"excerpt":{"rendered":"<p>Un r\u00e9cit poignant et profond\u2009! Enfant, Armonia se sait d\u00e9j\u00e0 diff\u00e9rente. N\u00e9e dans un corps qui n\u2019est pas le sien, elle est confront\u00e9e \u00e0 des phobies incontr\u00f4lables, des cauchemars, terrifi\u00e9e par ce qu\u2019elle sent en elle&nbsp;: une identit\u00e9 qu\u2019elle ne comprend pas. Mais le carcan de la soci\u00e9t\u00e9, ainsi que son \u00e9ducation, l\u2019emp\u00eachent de mettre des mots sur son mal-\u00eatre. Elle se r\u00e9fugie alors dans une existence normale, tentant par tous les moyens de renier qui elle est vraiment. \u00c0 cinquante ans, sa vie bascule, Armonia d\u00e9bute sa transition. Dans le premier tome, elle nous parle des p\u00e9rip\u00e9ties de son &hellip; <\/p>\n","protected":false},"author":1,"featured_media":0,"parent":0,"menu_order":0,"comment_status":"closed","ping_status":"closed","template":"","meta":{"footnotes":""},"class_list":["post-1085","page","type-page","status-publish","hentry"],"_links":{"self":[{"href":"https:\/\/www.lesuniversdarmonia.fr\/WP\/wp-json\/wp\/v2\/pages\/1085","targetHints":{"allow":["GET"]}}],"collection":[{"href":"https:\/\/www.lesuniversdarmonia.fr\/WP\/wp-json\/wp\/v2\/pages"}],"about":[{"href":"https:\/\/www.lesuniversdarmonia.fr\/WP\/wp-json\/wp\/v2\/types\/page"}],"author":[{"embeddable":true,"href":"https:\/\/www.lesuniversdarmonia.fr\/WP\/wp-json\/wp\/v2\/users\/1"}],"replies":[{"embeddable":true,"href":"https:\/\/www.lesuniversdarmonia.fr\/WP\/wp-json\/wp\/v2\/comments?post=1085"}],"version-history":[{"count":4,"href":"https:\/\/www.lesuniversdarmonia.fr\/WP\/wp-json\/wp\/v2\/pages\/1085\/revisions"}],"predecessor-version":[{"id":1703,"href":"https:\/\/www.lesuniversdarmonia.fr\/WP\/wp-json\/wp\/v2\/pages\/1085\/revisions\/1703"}],"wp:attachment":[{"href":"https:\/\/www.lesuniversdarmonia.fr\/WP\/wp-json\/wp\/v2\/media?parent=1085"}],"curies":[{"name":"wp","href":"https:\/\/api.w.org\/{rel}","templated":true}]}}